{"id":2804,"date":"2020-07-12T06:34:28","date_gmt":"2020-07-12T06:34:28","guid":{"rendered":"https:\/\/podholding.co\/fr\/?page_id=2804"},"modified":"2020-07-19T19:59:17","modified_gmt":"2020-07-19T19:59:17","slug":"ciment-ecologique","status":"publish","type":"page","link":"https:\/\/podholding.co\/fr\/ciment-ecologique\/","title":{"rendered":"Ciment \u00c9cologique"},"content":{"rendered":"<p>[vc_row][vc_column width=&#8221;1\/4&#8243;][vc_single_image image=&#8221;1746&#8243; img_size=&#8221;full&#8221;][\/vc_column][vc_column width=&#8221;1\/4&#8243;]<div class=\"cz_gap clr \" style=\"height: 100px\"><\/div><div id=\"cz_96255\" class=\"cz_96255 cz_title clr cz_title_pos_block\"><div class=\"cz_title_shape shape_circle cz_shape_1\"><\/div><div class=\"cz_title_content\"><div class=\"cz_wpe_content\"><p style=\"text-align: left;\">\u00a0 \u00a061.3% Less CO<sub>2<\/sub><\/p>\n<\/div><\/div><\/div>[\/vc_column][vc_column width=&#8221;1\/4&#8243;]<div class=\"cz_gap clr \" style=\"height: 100px\"><\/div><div id=\"cz_20792\" class=\"cz_20792 cz_title clr cz_title_pos_block\"><div class=\"cz_title_shape shape_circle cz_shape_1\"><\/div><div class=\"cz_title_content\"><div class=\"cz_wpe_content\"><p style=\"text-align: left;\">\u00a0 \u00a092.1% Less H<sub>2<\/sub>O<\/p>\n<\/div><\/div><\/div>[\/vc_column][vc_column width=&#8221;1\/4&#8243;]<div class=\"cz_gap clr \" style=\"height: 100px\"><\/div><div id=\"cz_22522\" class=\"cz_22522 cz_title clr cz_title_pos_block\"><div class=\"cz_title_shape shape_circle cz_shape_1\"><\/div><div class=\"cz_title_content\"><div class=\"cz_wpe_content\"><p style=\"text-align: left;\">\u00a0 \u00a0100% Less Waste<\/p>\n<\/div><\/div><\/div>[\/vc_column][vc_column][vc_column_text]<span style=\"color: #ffffff;\">Le ciment et le b\u00e9ton sont les produits de construction les plus utilis\u00e9s sur la terre, mais cela co\u00fbte \u00e9cologiquement. La poudre de ciment Portland repr\u00e9sente 8% des \u00e9missions mondiales de CO2 alors que la production de b\u00e9ton montre 9% de l&#8217;utilisation industrielle de l&#8217;eau dans le monde entier.<\/span><\/p>\n<p><span style=\"color: #ffffff;\">Pour avoir le plus grand impact sur l&#8217;am\u00e9lioration du monde, nous devons trouver et utiliser les meilleurs moyens et ceux les plus durables de production et d&#8217;utilisation du ciment pour construire l\u2019avenir. C&#8217;est exactement ce que fait POD Cement\/Ciment.<\/span><\/p>\n<p><span style=\"color: #ffffff;\">Ce sont les villes, les entrepreneurs et les utilisateurs de b\u00e9ton aui doivent exiger des \u00e9missions incluantes pour les projets en b\u00e9ton &#8211; tels que les nouveaux b\u00e2timents et les projets d&#8217;infrastructure comme les trottoirs et les pistes cyclables, les routes, etc. &#8211; soient consid\u00e9rablement r\u00e9duits en raison de la quantit\u00e9 massive du b\u00e9ton de haute \u00e9mission produit chaque ann\u00e9e.<\/span>[\/vc_column_text][\/vc_column][vc_column][\/vc_column][vc_column][\/vc_column][\/vc_row][vc_row][vc_column]<div class=\"cz_gap clr \" style=\"height: 100px\"><\/div>[\/vc_column][\/vc_row][vc_row full_width=&#8221;stretch_row_content_no_spaces&#8221;][vc_column]<div class=\"relative\"><div id=\"cz_108971\" class=\"cz_sep2 cz_sep2_64 cz_sep_bottom\"><svg preserveAspectRatio=\"none\" xmlns=\"http:\/\/www.w3.org\/2000\/svg\" width=\"100%\"  viewBox=\"0 0 1600 167\">\n\t\t\t\t\t<path style=\"fill:#2e2a2a\" d=\"M-3,167V37.992c179.806,29.856,459.764,49.4,775.849,50.474-0.023.017-.048,0.032-0.071,0.049a3.194,3.194,0,0,1,.518-0.048h0.3c1.793,0.051,6.348,1,11.71,8.4,3.966,5.471,13.639,22.5,15.031,35.068,1.612-12.431,11.482-33.163,17.536-38.408,0,0,1.74-3.94,10.021-5.01,0.106-.014.2-0.031,0.288-0.05,314.97-1.085,594.02-20.509,773.82-50.2V167H-3Z\"\/><\/svg><\/div><\/div>[\/vc_column][\/vc_row]<\/p>\n","protected":false},"excerpt":{"rendered":"<p>[vc_row][vc_column width=&#8221;1\/4&#8243;][vc_single_image image=&#8221;1746&#8243; img_size=&#8221;full&#8221;][\/vc_column][vc_column width=&#8221;1\/4&#8243;][\/vc_column][vc_column width=&#8221;1\/4&#8243;][\/vc_column][vc_column width=&#8221;1\/4&#8243;][\/vc_column][vc_column][vc_column_text]Le ciment et le b\u00e9ton &#8230; <\/p>\n","protected":false},"author":1,"featured_media":0,"parent":0,"menu_order":0,"comment_status":"closed","ping_status":"closed","template":"","meta":{"footnotes":""},"class_list":["post-2804","page","type-page","status-publish","hentry"],"_links":{"self":[{"href":"https:\/\/podholding.co\/fr\/wp-json\/wp\/v2\/pages\/2804","targetHints":{"allow":["GET"]}}],"collection":[{"href":"https:\/\/podholding.co\/fr\/wp-json\/wp\/v2\/pages"}],"about":[{"href":"https:\/\/podholding.co\/fr\/wp-json\/wp\/v2\/types\/page"}],"author":[{"embeddable":true,"href":"https:\/\/podholding.co\/fr\/wp-json\/wp\/v2\/users\/1"}],"replies":[{"embeddable":true,"href":"https:\/\/podholding.co\/fr\/wp-json\/wp\/v2\/comments?post=2804"}],"version-history":[{"count":6,"href":"https:\/\/podholding.co\/fr\/wp-json\/wp\/v2\/pages\/2804\/revisions"}],"predecessor-version":[{"id":3107,"href":"https:\/\/podholding.co\/fr\/wp-json\/wp\/v2\/pages\/2804\/revisions\/3107"}],"wp:attachment":[{"href":"https:\/\/podholding.co\/fr\/wp-json\/wp\/v2\/media?parent=2804"}],"curies":[{"name":"wp","href":"https:\/\/api.w.org\/{rel}","templated":true}]}}