{"id":2793,"date":"2020-07-12T06:26:05","date_gmt":"2020-07-12T06:26:05","guid":{"rendered":"https:\/\/podholding.co\/fr\/?page_id=2793"},"modified":"2020-07-19T19:56:33","modified_gmt":"2020-07-19T19:56:33","slug":"recherche-et-developpement","status":"publish","type":"page","link":"https:\/\/podholding.co\/fr\/recherche-et-developpement\/","title":{"rendered":"Recherche et d\u00e9veloppement"},"content":{"rendered":"<p>[vc_row][vc_column width=&#8221;1\/2&#8243;][vc_single_image image=&#8221;2240&#8243; img_size=&#8221;full&#8221;][\/vc_column][vc_column width=&#8221;1\/2&#8243;][vc_column_text]En collaboration avec nos partenaires et clients, nos meilleures \u00e9quipes de R&amp;D d\u00e9veloppent les produits, solutions et services les plus innovants, ainsi que des processus de fabrication avanc\u00e9s. La recherche et le d\u00e9veloppement (R&amp;D) du groupe POD sont dirig\u00e9s par nos clients, qui sont confront\u00e9s aux d\u00e9fis majeurs d&#8217;aujourd&#8217;hui: atteindre l&#8217;efficacit\u00e9 \u00e9nerg\u00e9tique, r\u00e9duire les co\u00fbts de construction, r\u00e9duire notre empreinte environnementale et r\u00e9pondre \u00e0 des normes \u00e9lev\u00e9es d&#8217;esth\u00e9tique, de sant\u00e9, de confort et de bien-\u00eatre.<\/p>\n<h2>Innover dans la construction durable par la R&amp;D<\/h2>\n<p>De nouvelles solutions nous aident, nous et nos clients, \u00e0 soutenir un environnement b\u00e2ti plus durable. Nous am\u00e9liorons constamment nos processus de fabrication, en captant l&#8217;\u00e9nergie thermique, en la recyclant dans le processus et en s&#8217;approvisionnant en \u00e9lectricit\u00e9 \u00e0 partir de sources renouvelables. Notre expertise en chimie du ciment permet \u00e0 nos \u00e9quipes R&amp;D de concevoir des ciments bas carbone et de s&#8217;associer aux commencements les plus avanc\u00e9s du monde. Nous proposons \u00e9galement des solutions pour les constructeurs et les propri\u00e9taires de maison qui am\u00e9liorent l&#8217;efficacit\u00e9 \u00e9nerg\u00e9tique de leurs b\u00e2timents et r\u00e9duisent les co\u00fbts \u00e9nerg\u00e9tiques. Au cours des deux derni\u00e8res ann\u00e9es, d&#8217;\u00e9normes investissements ont \u00e9t\u00e9 pr\u00e9vus afin d&#8217;augmenter sa flexibilit\u00e9 et son efficacit\u00e9, et de r\u00e9pondre \u00e0 tous les besoins en termes d&#8217;innovation et de comp\u00e9titivit\u00e9. Nous avons \u00e9tendu notre d\u00e9partement dans d&#8217;autres pays comme l&#8217;Italie, la Su\u00e8de et la Turquie et nous avons soutenu et fait confiance \u00e0 nos talentueux chercheurs l\u00e0-bas.<\/p>\n<h2><strong>L&#8217;innovation pour de nouvelles opportunit\u00e9s<\/strong><\/h2>\n<p>Nous savons que l&#8217;innovation est permanente et rapide, et pour nous assurer que POD Group reste en t\u00eate du peloton, nous d\u00e9veloppons continuellement nos capacit\u00e9s pour suivre les derni\u00e8res tendances et innovations. Des principaux instituts de recherche, \u00e9coles et universit\u00e9s aux clients, fournisseurs et startups, nous pensons que la collaboration avec des r\u00e9seaux de parties prenantes en dehors de notre organisation est essentielle pour innover et se diff\u00e9rencier dans notre industrie.<\/p>\n<p>Nous savons que l&#8217;innovation est permanente et rapide, et pour nous assurer que POD Group reste en t\u00eate du peloton, nous d\u00e9veloppons continuellement nos capacit\u00e9s pour suivre les derni\u00e8res tendances et innovations. Des principaux instituts de recherche, \u00e9coles et universit\u00e9s aux clients, fournisseurs et commencements, nous pensons que la collaboration avec des r\u00e9seaux de parties prenantes en dehors de notre organisation est essentielle pour innover et se diff\u00e9rencier dans notre industrie.[\/vc_column_text][\/vc_column][\/vc_row]<\/p>\n","protected":false},"excerpt":{"rendered":"<p>[vc_row][vc_column width=&#8221;1\/2&#8243;][vc_single_image image=&#8221;2240&#8243; img_size=&#8221;full&#8221;][\/vc_column][vc_column width=&#8221;1\/2&#8243;][vc_column_text]En collaboration avec nos partenaires et clients, &#8230; <\/p>\n","protected":false},"author":1,"featured_media":0,"parent":0,"menu_order":0,"comment_status":"closed","ping_status":"closed","template":"","meta":{"footnotes":""},"class_list":["post-2793","page","type-page","status-publish","hentry"],"_links":{"self":[{"href":"https:\/\/podholding.co\/fr\/wp-json\/wp\/v2\/pages\/2793","targetHints":{"allow":["GET"]}}],"collection":[{"href":"https:\/\/podholding.co\/fr\/wp-json\/wp\/v2\/pages"}],"about":[{"href":"https:\/\/podholding.co\/fr\/wp-json\/wp\/v2\/types\/page"}],"author":[{"embeddable":true,"href":"https:\/\/podholding.co\/fr\/wp-json\/wp\/v2\/users\/1"}],"replies":[{"embeddable":true,"href":"https:\/\/podholding.co\/fr\/wp-json\/wp\/v2\/comments?post=2793"}],"version-history":[{"count":4,"href":"https:\/\/podholding.co\/fr\/wp-json\/wp\/v2\/pages\/2793\/revisions"}],"predecessor-version":[{"id":3110,"href":"https:\/\/podholding.co\/fr\/wp-json\/wp\/v2\/pages\/2793\/revisions\/3110"}],"wp:attachment":[{"href":"https:\/\/podholding.co\/fr\/wp-json\/wp\/v2\/media?parent=2793"}],"curies":[{"name":"wp","href":"https:\/\/api.w.org\/{rel}","templated":true}]}}