{"id":2787,"date":"2020-07-12T06:21:22","date_gmt":"2020-07-12T06:21:22","guid":{"rendered":"https:\/\/podholding.co\/fr\/?page_id=2787"},"modified":"2020-07-19T14:11:44","modified_gmt":"2020-07-19T14:11:44","slug":"test-sgs-commerce-sur-et-fiable_steel","status":"publish","type":"page","link":"https:\/\/podholding.co\/fr\/test-sgs-commerce-sur-et-fiable_steel\/","title":{"rendered":"Test SGS &#8211; Commerce s\u00fbr et fiable"},"content":{"rendered":"<p>[vc_row][vc_column width=&#8221;1\/2&#8243;][vc_single_image image=&#8221;2432&#8243; img_size=&#8221;full&#8221;][\/vc_column][vc_column width=&#8221;1\/2&#8243;][vc_column_text]<span style=\"color: #000000;\">Quand vous utilisez des pi\u00e8ces m\u00e9talliques dans vos produits ou projets, vous devez \u00eatre certain qu&#8217;elles sont s\u00fbres, fiables et r\u00e9pondent \u00e0 des standards r\u00e9glementaires rigoureux. Nos services de test des m\u00e9taux vous aident \u00e0 identifier et \u00e0 \u00e9valuer les caract\u00e9ristiques de vos pi\u00e8ces m\u00e9talliques pour d\u00e9terminer la s\u00e9curit\u00e9, la fiabilit\u00e9 et l\u2019int\u00e9grit\u00e9.<\/span><\/p>\n<p>&nbsp;<\/p>\n<p><span style=\"color: #000000;\">POURQUOI UTILISE-T-ON LE TEST DE M\u00c9TAL DE SGS?<\/span><\/p>\n<p><span style=\"color: #000000;\">Nous vous pr\u00e9sentons les derni\u00e8res m\u00e9thodes de test des m\u00e9taux et des sp\u00e9cialistes hautement exp\u00e9riment\u00e9s pour vous aider:<\/span><\/p>\n<p>&nbsp;<\/p>\n<p><span style=\"color: #000000;\">Identifiez les caract\u00e9ristiques, les propri\u00e9t\u00e9s et les d\u00e9fauts des mat\u00e9riaux m\u00e9talliques utilis\u00e9s dans vos produits ou projets.<\/span><\/p>\n<p><span style=\"color: #000000;\">Assurez-vous que les pi\u00e8ces m\u00e9talliques peuvent fonctionner de mani\u00e8re fiable et conform\u00e9ment aux accr\u00e9ditations requises.<\/span>[\/vc_column_text][\/vc_column][\/vc_row]<\/p>\n","protected":false},"excerpt":{"rendered":"<p>[vc_row][vc_column width=&#8221;1\/2&#8243;][vc_single_image image=&#8221;2432&#8243; img_size=&#8221;full&#8221;][\/vc_column][vc_column width=&#8221;1\/2&#8243;][vc_column_text]Quand vous utilisez des pi\u00e8ces m\u00e9talliques dans &#8230; <\/p>\n","protected":false},"author":1,"featured_media":0,"parent":0,"menu_order":0,"comment_status":"closed","ping_status":"closed","template":"","meta":{"footnotes":""},"class_list":["post-2787","page","type-page","status-publish","hentry"],"_links":{"self":[{"href":"https:\/\/podholding.co\/fr\/wp-json\/wp\/v2\/pages\/2787","targetHints":{"allow":["GET"]}}],"collection":[{"href":"https:\/\/podholding.co\/fr\/wp-json\/wp\/v2\/pages"}],"about":[{"href":"https:\/\/podholding.co\/fr\/wp-json\/wp\/v2\/types\/page"}],"author":[{"embeddable":true,"href":"https:\/\/podholding.co\/fr\/wp-json\/wp\/v2\/users\/1"}],"replies":[{"embeddable":true,"href":"https:\/\/podholding.co\/fr\/wp-json\/wp\/v2\/comments?post=2787"}],"version-history":[{"count":4,"href":"https:\/\/podholding.co\/fr\/wp-json\/wp\/v2\/pages\/2787\/revisions"}],"predecessor-version":[{"id":3102,"href":"https:\/\/podholding.co\/fr\/wp-json\/wp\/v2\/pages\/2787\/revisions\/3102"}],"wp:attachment":[{"href":"https:\/\/podholding.co\/fr\/wp-json\/wp\/v2\/media?parent=2787"}],"curies":[{"name":"wp","href":"https:\/\/api.w.org\/{rel}","templated":true}]}}