{"id":2780,"date":"2020-07-12T06:15:31","date_gmt":"2020-07-12T06:15:31","guid":{"rendered":"https:\/\/podholding.co\/fr\/?page_id=2780"},"modified":"2020-07-18T14:59:17","modified_gmt":"2020-07-18T14:59:17","slug":"courtage-et-logistique-des-navires","status":"publish","type":"page","link":"https:\/\/podholding.co\/fr\/courtage-et-logistique-des-navires\/","title":{"rendered":"Courtage et Logistique des Navires"},"content":{"rendered":"<p>[vc_row][vc_column width=&#8221;1\/6&#8243;][\/vc_column][vc_column width=&#8221;2\/3&#8243;][vc_single_image image=&#8221;1506&#8243; img_size=&#8221;full&#8221; alignment=&#8221;center&#8221; style=&#8221;vc_box_shadow_3d&#8221;][\/vc_column][vc_column width=&#8221;1\/6&#8243;][\/vc_column][\/vc_row][vc_row][vc_column]<div class=\"cz_gap clr \" style=\"height: 50px\"><\/div>[\/vc_column][\/vc_row][vc_row][vc_column width=&#8221;1\/2&#8243;]<div id=\"cz_21677\" class=\"cz_21677 services clr style1 cz_sbi_fx_10 left\"><div class=\"service_custom\"><i class=\"fa fa-bolt\"><\/i><\/div><div class=\"service_text\"><h3>Affr\u00e8tement :<\/h3><div class=\"cz_wpe_content\"><div style=\"line-height: 1.5; text-align: justify; font-size: 13px; color: #666666; font-weight: 300;\">Sp\u00e9cialiste dans les cargaisons en vrac et emball\u00e9es telles que le ciment, le m\u00e2chefer, les barres d&#8217;acier, le charbon et les min\u00e9raux, des tailles caboteurs aux panamax.<\/div>\n<\/div><\/div><\/div>[\/vc_column][vc_column width=&#8221;1\/2&#8243;]<div id=\"cz_46535\" class=\"cz_46535 services clr style1 cz_sbi_fx_10 left\"><div class=\"service_custom\"><i class=\"fa fa-bolt\"><\/i><\/div><div class=\"service_text\"><h3>Projet Cargaison:<\/h3><div class=\"cz_wpe_content\"><div style=\"line-height: 1.5; text-align: justify; font-size: 13px; color: #666666; font-weight: 300;\">Des machineries lourdes aux \u00e9oliennes \/ turbines \u00e0 gaz, des lignes compl\u00e8tes d&#8217;usines aux cargaisons partielles de projets dans le monde entier. Gestion de dizaines d&#8217;envois pour de nombreuses entreprises et projets internationaux de premier plan.<\/div>\n<\/div><\/div><\/div>[\/vc_column][\/vc_row][vc_row][vc_column width=&#8221;1\/2&#8243;]<div id=\"cz_101505\" class=\"cz_101505 services clr style1 cz_sbi_fx_10 left\"><div class=\"service_custom\"><i class=\"fa fa-bolt\"><\/i><\/div><div class=\"service_text\"><h3>G\u00e9rer le Navire:<\/h3><div class=\"cz_wpe_content\"><div style=\"line-height: 1.5; text-align: justify; font-size: 13px; color: #666666; font-weight: 300;\">\n<p>La fourniture contractuelle et professionnelle de tous les services \u00e0 bord, ainsi que la surveillance \u00e0 terre.<\/p>\n<\/div>\n<\/div><\/div><\/div>[\/vc_column][vc_column width=&#8221;1\/2&#8243;]<div id=\"cz_92438\" class=\"cz_92438 services clr style1 cz_sbi_fx_10 left\"><div class=\"service_custom\"><i class=\"fa fa-bolt\"><\/i><\/div><div class=\"service_text\"><h3>Conseil:<\/h3><div class=\"cz_wpe_content\"><div style=\"line-height: 1.5; text-align: justify; font-size: 13px; color: #666666; font-weight: 300;\">\n<p>Conseil professionnel pour tous vos besoins logistiques, achats de navires, services terrestres et marins et gestion portuaire.<\/p>\n<\/div>\n<\/div><\/div><\/div>[\/vc_column][\/vc_row][vc_row][vc_column width=&#8221;1\/2&#8243;]<div id=\"cz_21231\" class=\"cz_21231 services clr style1 cz_sbi_fx_10 left\"><div class=\"service_custom\"><i class=\"fa fa-bolt\"><\/i><\/div><div class=\"service_text\"><h3>Service d\u2019Agence:<\/h3><div class=\"cz_wpe_content\"><div style=\"line-height: 1.5; text-align: justify; font-size: 13px; color: #666666; font-weight: 300;\">\n<p>Tous les services d&#8217;agence maritime pour les navires de toutes tailles dans tous les ports. Pour tous vos besoins d&#8217;envoi et de logistique, veuillez envoyer votre demande \u00e0:<\/p>\n<\/div>\n<\/div><\/div><\/div>[\/vc_column][vc_column width=&#8221;1\/2&#8243;][\/vc_column][\/vc_row][vc_row][vc_column]<div class=\"cz_gap clr \" style=\"height: 100px\"><\/div>[\/vc_column][\/vc_row][vc_row full_width=&#8221;stretch_row_content_no_spaces&#8221;][vc_column]<div class=\"relative\"><div id=\"cz_108971\" class=\"cz_sep2 cz_sep2_64 cz_sep_bottom\"><svg preserveAspectRatio=\"none\" xmlns=\"http:\/\/www.w3.org\/2000\/svg\" width=\"100%\"  viewBox=\"0 0 1600 167\">\n\t\t\t\t\t<path style=\"fill:#2e2a2a\" d=\"M-3,167V37.992c179.806,29.856,459.764,49.4,775.849,50.474-0.023.017-.048,0.032-0.071,0.049a3.194,3.194,0,0,1,.518-0.048h0.3c1.793,0.051,6.348,1,11.71,8.4,3.966,5.471,13.639,22.5,15.031,35.068,1.612-12.431,11.482-33.163,17.536-38.408,0,0,1.74-3.94,10.021-5.01,0.106-.014.2-0.031,0.288-0.05,314.97-1.085,594.02-20.509,773.82-50.2V167H-3Z\"\/><\/svg><\/div><\/div>[\/vc_column][\/vc_row]<\/p>\n","protected":false},"excerpt":{"rendered":"<p>[vc_row][vc_column width=&#8221;1\/6&#8243;][\/vc_column][vc_column width=&#8221;2\/3&#8243;][vc_single_image image=&#8221;1506&#8243; img_size=&#8221;full&#8221; alignment=&#8221;center&#8221; style=&#8221;vc_box_shadow_3d&#8221;][\/vc_column][vc_column width=&#8221;1\/6&#8243;][\/vc_column][\/vc_row][vc_row][vc_column][\/vc_column][\/vc_row][vc_row][vc_column width=&#8221;1\/2&#8243;][\/vc_column][vc_column width=&#8221;1\/2&#8243;][\/vc_column][\/vc_row][vc_row][vc_column width=&#8221;1\/2&#8243;][\/vc_column][vc_column &#8230; <\/p>\n","protected":false},"author":1,"featured_media":0,"parent":0,"menu_order":0,"comment_status":"closed","ping_status":"closed","template":"","meta":{"footnotes":""},"class_list":["post-2780","page","type-page","status-publish","hentry"],"_links":{"self":[{"href":"https:\/\/podholding.co\/fr\/wp-json\/wp\/v2\/pages\/2780","targetHints":{"allow":["GET"]}}],"collection":[{"href":"https:\/\/podholding.co\/fr\/wp-json\/wp\/v2\/pages"}],"about":[{"href":"https:\/\/podholding.co\/fr\/wp-json\/wp\/v2\/types\/page"}],"author":[{"embeddable":true,"href":"https:\/\/podholding.co\/fr\/wp-json\/wp\/v2\/users\/1"}],"replies":[{"embeddable":true,"href":"https:\/\/podholding.co\/fr\/wp-json\/wp\/v2\/comments?post=2780"}],"version-history":[{"count":6,"href":"https:\/\/podholding.co\/fr\/wp-json\/wp\/v2\/pages\/2780\/revisions"}],"predecessor-version":[{"id":3085,"href":"https:\/\/podholding.co\/fr\/wp-json\/wp\/v2\/pages\/2780\/revisions\/3085"}],"wp:attachment":[{"href":"https:\/\/podholding.co\/fr\/wp-json\/wp\/v2\/media?parent=2780"}],"curies":[{"name":"wp","href":"https:\/\/api.w.org\/{rel}","templated":true}]}}