{"id":2748,"date":"2020-07-12T05:37:44","date_gmt":"2020-07-12T05:37:44","guid":{"rendered":"https:\/\/podholding.co\/fr\/?page_id=2748"},"modified":"2020-08-11T10:34:23","modified_gmt":"2020-08-11T10:34:23","slug":"pod-petrole","status":"publish","type":"page","link":"https:\/\/podholding.co\/fr\/pod-petrole\/","title":{"rendered":"POD P\u00c9TROLE"},"content":{"rendered":"<p>[vc_row full_width=&#8221;stretch_row_content_no_spaces&#8221; disable_element=&#8221;yes&#8221;][vc_column]<div class=\"relative\"><div id=\"cz_51266\" class=\"cz_sep2 cz_sep2_22 cz_sep_rotatey_bottom z99 relative\"><svg preserveAspectRatio=\"none\" xmlns=\"http:\/\/www.w3.org\/2000\/svg\" width=\"100%\"  viewBox=\"0 0 1600 244\">\n\t\t\t\t\t\t\t<path style=\"fill:#2e2a2a\" d=\"M-4,0V187l804,57S800,20.974-4,0ZM1604,0V187L800,244S800,20.974,1604,0Z\"\/>\n\t\t\t\t\t\t\t<path style=\"fill:#2e2a2a\" d=\"M-4,30V217l804,27S800,50.974-4,30Zm1608,0V217L800,244S800,50.974,1604,30Z\"\/>\n\t\t\t\t\t\t\t<path style=\"fill:#2e2a2a\" d=\"M-4,60V247H800S800,80.974-4,60Zm1608,0V247H800S800,80.974,1604,60Z\"\/>\n\t\t\t\t\t\t<\/svg><\/div><\/div>[\/vc_column][\/vc_row][vc_row][vc_column]<div class=\"cz_gap clr  hide_on_mobile\" style=\"height: 80px\"><\/div><div class=\"cz_gap show_on_mobile clr\" style=\"height: 60px\"><\/div>[\/vc_column][\/vc_row][vc_row el_class=&#8221;hidden-xs&#8221;][vc_column css_animation=&#8221;fadeIn&#8221; width=&#8221;2\/3&#8243; offset=&#8221;vc_col-md-6&#8243;]<div class=\"cz_eqh cz_content_box_parent_fx  z99\"><div id=\"cz_22046\" class=\"cz_22046 cz_content_box clr\"><div class=\"cz_box_front clr\"><div class=\"cz_box_front_inner clr \"><span><\/span><div><div id=\"cz_37696\" class=\"cz_37696 cz_title clr cz_mobile_text_center cz_title_pos_inline\"><div class=\"cz_title_shape shape_icon cz_shape_1\"><i class=\"fa czico-055-three\"><\/i><\/div><div class=\"cz_title_content\"><div class=\"cz_wpe_content\"><p style=\"text-align: left;\"><span style=\"color: #b2b2b2;\">Who We Are<br \/>\n<\/span><\/p>\n<\/div><\/div><\/div><div id=\"cz_110617\" class=\"cz_110617 cz_title clr cz_mobile_text_center cz_title_pos_inline\"><div class=\"cz_title_content\"><div class=\"cz_wpe_content\"><h3 style=\"text-align: left;\"><span style=\"color: #1c1c1c;\">\u00c0 propos de nous<\/span><\/h3>\n<\/div><\/div><\/div><div id=\"cz_106901\" class=\"cz_106901 cz_title clr cz_title_pos_inline\"><div class=\"cz_title_content\"><div class=\"cz_wpe_content\"><p><span style=\"color: #000000;\"><strong>De nos jours, l&#8217;\u00e9nergie est consid\u00e9r\u00e9e comme l&#8217;une des principales raisons du d\u00e9veloppement des soci\u00e9t\u00e9s internationales.<\/strong><\/span><\/p>\n<p><span style=\"color: #000000;\">Le Moyen-Orient, gr\u00e2ce \u00e0 ses \u00e9normes ressources en combustibles fossiles, sa situation g\u00e9ographique et g\u00e9opolitique particuli\u00e8re, le c\u0153ur du p\u00e9trole et du gaz, a fourni un vaste environnement commercial dans divers domaines \u00e9nerg\u00e9tiques, tels que l&#8217;exploration, l&#8217;extraction, la production et le raffinage, le commerce et les transports.<\/span><\/p>\n<p><span style=\"color: #000000;\">Les dirigeants de cette soci\u00e9t\u00e9, avec plus de deux d\u00e9cennies d&#8217;exp\u00e9rience commerciale r\u00e9ussie dans le domaine des produits p\u00e9troliers et p\u00e9trochimiques, et dans le but de d\u00e9velopper des services, ont agi pour \u00e9tablir une entreprise dans plusieurs pays afin de construire et d&#8217;\u00e9tendre leurs relations avec les pays cibles.<\/span><\/p>\n<p><span style=\"color: #000000;\">Cette entreprise est fi\u00e8re de travailler en s&#8217;appuyant sur deux facteurs essentiels de connaissances et d&#8217;exp\u00e9rience ainsi que sur l&#8217;honn\u00eatet\u00e9 et l&#8217;orientation client dans l&#8217;exportation de raffineries de p\u00e9trole et de produits fabriqu\u00e9s par des complexes p\u00e9trochimiques<\/span><\/p>\n<p><span style=\"color: #000000;\">Principes et des politiques \u00e0 grande \u00e9chelle vis-\u00e0-vis des partenaires commerciaux:<\/span><\/p>\n<ul>\n<li><span style=\"color: #000000;\">La relation gagnant-gagnant dans les relations commerciales<\/span><\/li>\n<li><span style=\"color: #000000;\">Satisfaction du client<\/span><\/li>\n<li><span style=\"color: #000000;\">\u00c9tablir une relation durable et solide avec les partenaires<\/span><\/li>\n<li><span style=\"color: #000000;\">Offrir les meilleurs services clients<\/span><\/li>\n<\/ul>\n<\/div><\/div><\/div><div class=\"\"><div class=\"cz_55818_p\"><a id=\"cz_55818\" class=\"cz_55818 cz_btn cz_btn_txt_no_fx cz_btn_no_fx cz_mobile_btn_center\" href=\"https:\/\/podoil.com\" target=\"_blank\"><span><strong>site principal<\/strong><\/span><b class=\"cz_btn_onhover\"><strong>site principal<\/strong><\/b><\/a><\/div><\/div><\/div><\/div><\/div><\/div><\/div>[\/vc_column][vc_column css_animation=&#8221;fadeIn&#8221; width=&#8221;1\/3&#8243; offset=&#8221;vc_col-md-6&#8243; el_class=&#8221;zindex&#8221;]<div id=\"cz_19631\" class=\"cz_19631 cz_image clr cz_image_no_fx center_on_mobile\"><div class=\"cz_svg_bg\" ><div class=\"cz_image_in\"><div class=\"cz_main_image\"><img decoding=\"async\" width=\"1125\" height=\"749\" src=\"data:image\/svg+xml,%3Csvg%20xmlns%3D&#39;http%3A%2F%2Fwww.w3.org%2F2000%2Fsvg&#39;%20width=&#39;1125&#39;%20height=&#39;749&#39;%20viewBox%3D&#39;0%200%201125%20749&#39;%2F%3E\" data-czlz data-src=\"https:\/\/podholding.co\/wp-content\/uploads\/2020\/08\/11.jpg\" class=\"attachment-full\" alt=\"\" data-srcset=\"https:\/\/podholding.co\/wp-content\/uploads\/2020\/08\/11.jpg 1125w, https:\/\/podholding.co\/wp-content\/uploads\/2020\/08\/11-300x200.jpg 300w, https:\/\/podholding.co\/wp-content\/uploads\/2020\/08\/11-768x511.jpg 768w, https:\/\/podholding.co\/wp-content\/uploads\/2020\/08\/11-1024x682.jpg 1024w, https:\/\/podholding.co\/wp-content\/uploads\/2020\/08\/11-600x399.jpg 600w\" data-sizes=\"(max-width: 1125px) 100vw, 1125px\" \/><\/div><\/div><\/div><\/div>[\/vc_column][\/vc_row][vc_row el_class=&#8221;hidden-md&#8221;][vc_column css_animation=&#8221;fadeIn&#8221; width=&#8221;2\/3&#8243; offset=&#8221;vc_col-md-6&#8243;]<div class=\"cz_eqh cz_content_box_parent_fx  z99\"><div id=\"cz_22046\" class=\"cz_22046 cz_content_box clr\"><div class=\"cz_box_front clr\"><div class=\"cz_box_front_inner clr \"><span><\/span><div><div id=\"cz_37696\" class=\"cz_37696 cz_title clr cz_mobile_text_center cz_title_pos_inline\"><div class=\"cz_title_shape shape_icon cz_shape_1\"><i class=\"fa czico-055-three\"><\/i><\/div><div class=\"cz_title_content\"><div class=\"cz_wpe_content\"><p style=\"text-align: left;\"><span style=\"color: #b2b2b2;\">Who We Are<br \/>\n<\/span><\/p>\n<\/div><\/div><\/div><div id=\"cz_110617\" class=\"cz_110617 cz_title clr cz_mobile_text_center cz_title_pos_inline\"><div class=\"cz_title_content\"><div class=\"cz_wpe_content\"><h3 style=\"text-align: left;\"><span style=\"color: #1c1c1c;\">\u00c0 propos de nous<\/span><\/h3>\n<\/div><\/div><\/div><div id=\"cz_87232\" class=\"cz_87232 cz_title clr cz_title_pos_inline\"><div class=\"cz_title_content\"><div class=\"cz_wpe_content\"><p><span style=\"color: #000000;\"><strong>De nos jours, l&#8217;\u00e9nergie est consid\u00e9r\u00e9e comme l&#8217;une des principales raisons du d\u00e9veloppement des soci\u00e9t\u00e9s internationales.<\/strong><\/span><\/p>\n<p><span style=\"color: #000000;\">Le Moyen-Orient, gr\u00e2ce \u00e0 ses \u00e9normes ressources en combustibles fossiles, sa situation g\u00e9ographique et g\u00e9opolitique particuli\u00e8re, le c\u0153ur du p\u00e9trole et du gaz, a fourni un vaste environnement commercial dans divers domaines \u00e9nerg\u00e9tiques, tels que l&#8217;exploration, l&#8217;extraction, la production et le raffinage, le commerce et les transports.<\/span><\/p>\n<\/div><\/div><\/div><div id=\"cz_92465\" class=\"cz_92465 cz_sml\"><div class=\"cz_sml_inner\"><div class=\"cz_wpe_content\">[vc_column_text]<span style=\"color: #000000;\">Les dirigeants de cette soci\u00e9t\u00e9, avec plus de deux d\u00e9cennies d&#8217;exp\u00e9rience commerciale r\u00e9ussie dans le domaine des produits p\u00e9troliers et p\u00e9trochimiques, et dans le but de d\u00e9velopper des services, ont agi pour \u00e9tablir une entreprise dans plusieurs pays afin de construire et d&#8217;\u00e9tendre leurs relations avec les pays cibles.<\/span><\/p>\n<p><span style=\"color: #000000;\">Cette entreprise est fi\u00e8re de travailler en s&#8217;appuyant sur deux facteurs essentiels de connaissances et d&#8217;exp\u00e9rience ainsi que sur l&#8217;honn\u00eatet\u00e9 et l&#8217;orientation client dans l&#8217;exportation de raffineries de p\u00e9trole et de produits fabriqu\u00e9s par des complexes p\u00e9trochimiques<\/span><\/p>\n<p><span style=\"color: #000000;\">Principes et des politiques \u00e0 grande \u00e9chelle vis-\u00e0-vis des partenaires commerciaux:<\/span><\/p>\n<ul>\n<li><span style=\"color: #000000;\">La relation gagnant-gagnant dans les relations commerciales<\/span><\/li>\n<li><span style=\"color: #000000;\">Satisfaction du client<\/span><\/li>\n<li><span style=\"color: #000000;\">\u00c9tablir une relation durable et solide avec les partenaires<\/span><\/li>\n<li><span style=\"color: #000000;\">Offrir les meilleurs services clients<\/span><\/li>\n<\/ul>\n<p>[\/vc_column_text]<div id=\"cz_19631\" class=\"cz_19631 cz_image clr cz_image_no_fx center_on_mobile\"><div class=\"cz_svg_bg\" ><div class=\"cz_image_in\"><div class=\"cz_main_image\"><img decoding=\"async\" width=\"1125\" height=\"749\" src=\"data:image\/svg+xml,%3Csvg%20xmlns%3D&#39;http%3A%2F%2Fwww.w3.org%2F2000%2Fsvg&#39;%20width=&#39;1125&#39;%20height=&#39;749&#39;%20viewBox%3D&#39;0%200%201125%20749&#39;%2F%3E\" data-czlz data-src=\"https:\/\/podholding.co\/wp-content\/uploads\/2020\/08\/11.jpg\" class=\"attachment-full\" alt=\"\" data-srcset=\"https:\/\/podholding.co\/wp-content\/uploads\/2020\/08\/11.jpg 1125w, https:\/\/podholding.co\/wp-content\/uploads\/2020\/08\/11-300x200.jpg 300w, https:\/\/podholding.co\/wp-content\/uploads\/2020\/08\/11-768x511.jpg 768w, https:\/\/podholding.co\/wp-content\/uploads\/2020\/08\/11-1024x682.jpg 1024w, https:\/\/podholding.co\/wp-content\/uploads\/2020\/08\/11-600x399.jpg 600w\" data-sizes=\"(max-width: 1125px) 100vw, 1125px\" \/><\/div><\/div><\/div><\/div><div class=\"\"><div class=\"cz_87422_p\"><a id=\"cz_87422\" class=\"cz_87422 cz_btn cz_btn_txt_no_fx cz_btn_no_fx cz_mobile_btn_center\" href=\"https:\/\/podoil.com\"><span><strong>site principal<\/strong><\/span><b class=\"cz_btn_onhover\"><strong>site principal<\/strong><\/b><\/a><\/div><\/div><\/div><div class=\"cz_sml_overlay\"><\/div><\/div><a id=\"cz_show_more_less_btn\" href=\"#more_less\"><span>Montre plus<i class=\"fa fa-angle-down ml8\"><\/i><\/span><span>Montrer moins<i class=\"fa fa-angle-up ml8\"><\/i><\/span><\/a><\/div><\/div><\/div><\/div><\/div><\/div>[\/vc_column][vc_column css_animation=&#8221;fadeIn&#8221; width=&#8221;1\/3&#8243; offset=&#8221;vc_col-md-6&#8243; el_class=&#8221;zindex&#8221;][\/vc_column][\/vc_row][vc_row][vc_column]<div class=\"cz_gap clr \" style=\"height: 90px\"><\/div><div id=\"cz_17562\" class=\"cz_17562 cz_title clr cz_title_pos_inline tac\"><div class=\"cz_title_shape shape_icon cz_shape_1\"><i class=\"fa czico-055-three\"><\/i><\/div><div class=\"cz_title_content\"><div class=\"cz_wpe_content\"><h3 style=\"text-align: center;\"><span style=\"color: #888888;\">Services<br \/>\n<\/span><\/h3>\n<\/div><\/div><\/div>[\/vc_column][\/vc_row][vc_row][vc_column]<div id=\"cz_75489\" class=\"cz_75489 slick arrows_mlr dots_bc dots_show_on_hover arrows_show_on_hover overflow_visible\" data-slick='{\"selector\":\"\",\"slidesToShow\":3,\"slidesToScroll\":1,\"rows\":1,\"fade\":false,\"vertical\":false,\"verticalSwiping\":false,\"infinite\":true,\"speed\":1000,\"swipeToSlide\":true,\"centerMode\":false,\"centerPadding\":\"\",\"variableWidth\":false,\"autoplay\":false,\"autoplaySpeed\":4000,\"dots\":true,\"adaptiveHeight\":false,\"prevArrow\":\"<button type=\\\"button\\\" class=\\\"slick-prev\\\" aria-label=\\\"Previous\\\"><i class=\\\"fa fa-long-arrow-left\\\"><\\\/i><\\\/button>\",\"nextArrow\":\"<button type=\\\"button\\\" class=\\\"slick-next\\\" aria-label=\\\"Next\\\"><i class=\\\"fa fa-long-arrow-right\\\"><\\\/i><\\\/button>\",\"responsive\":[{\"breakpoint\":769,\"settings\":{\"slidesToShow\":2,\"slidesToScroll\":1,\"touchMove\":true}},{\"breakpoint\":481,\"settings\":{\"slidesToShow\":1,\"slidesToScroll\":1,\"touchMove\":true}}]}'><div id=\"cz_16422\" class=\"cz_16422 services clr style11 cz_sbi_fx_0 services_b\"><div class=\"service_img\"><img decoding=\"async\" width=\"370\" height=\"270\" src=\"data:image\/svg+xml,%3Csvg%20xmlns%3D&#39;http%3A%2F%2Fwww.w3.org%2F2000%2Fsvg&#39;%20width=&#39;370&#39;%20height=&#39;270&#39;%20viewBox%3D&#39;0%200%20370%20270&#39;%2F%3E\" data-czlz data-src=\"https:\/\/podholding.co\/wp-content\/uploads\/2020\/04\/boat2.jpg\" class=\"service-icon attachment-full\" alt=\"\" data-srcset=\"https:\/\/podholding.co\/wp-content\/uploads\/2020\/04\/boat2.jpg 370w, https:\/\/podholding.co\/wp-content\/uploads\/2020\/04\/boat2-300x219.jpg 300w\" data-sizes=\"(max-width: 370px) 100vw, 370px\" \/><\/div><div class=\"service_text\"><h3>Courtage et Logistique des Navires<\/h3><span class=\"cz_sb_sep_line bar\"><\/span><div class=\"cz_wpe_content\"><\/div><a href=\"https:\/\/podholding.co\/fr\/courtage-et-logistique-des-navires\/\" title=\"Courtage et Logistique des Navires\" class=\"cz_btn\">Plus<\/a><\/div><\/div><div id=\"cz_65367\" class=\"cz_65367 services clr style11 cz_sbi_fx_0 services_b\"><div class=\"service_img\"><img decoding=\"async\" width=\"370\" height=\"270\" src=\"data:image\/svg+xml,%3Csvg%20xmlns%3D&#39;http%3A%2F%2Fwww.w3.org%2F2000%2Fsvg&#39;%20width=&#39;370&#39;%20height=&#39;270&#39;%20viewBox%3D&#39;0%200%20370%20270&#39;%2F%3E\" data-czlz data-src=\"https:\/\/podholding.co\/wp-content\/uploads\/2020\/05\/sgs-logo.png\" class=\"service-icon attachment-full\" alt=\"\" data-srcset=\"https:\/\/podholding.co\/wp-content\/uploads\/2020\/05\/sgs-logo.png 370w, https:\/\/podholding.co\/wp-content\/uploads\/2020\/05\/sgs-logo-300x219.png 300w\" data-sizes=\"(max-width: 370px) 100vw, 370px\" \/><\/div><div class=\"service_text\"><h3>Test SGS - Commerce s\u00fbr et fiable<\/h3><span class=\"cz_sb_sep_line bar\"><\/span><div class=\"cz_wpe_content\"><\/div><a href=\"https:\/\/podholding.co\/fr\/test-sgs-commerce-sur-et-fiable\/\" title=\"Test SGS - Commerce s\u00fbr et fiable\" class=\"cz_btn\">Plus<\/a><\/div><\/div><div id=\"cz_65590\" class=\"cz_65590 services clr style11 cz_sbi_fx_0 services_b\"><div class=\"service_img\"><img decoding=\"async\" width=\"370\" height=\"270\" src=\"data:image\/svg+xml,%3Csvg%20xmlns%3D&#39;http%3A%2F%2Fwww.w3.org%2F2000%2Fsvg&#39;%20width=&#39;370&#39;%20height=&#39;270&#39;%20viewBox%3D&#39;0%200%20370%20270&#39;%2F%3E\" data-czlz data-src=\"https:\/\/podholding.co\/wp-content\/uploads\/2020\/05\/ResearchDevelopment.jpg\" class=\"service-icon attachment-full\" alt=\"\" data-srcset=\"https:\/\/podholding.co\/wp-content\/uploads\/2020\/05\/ResearchDevelopment.jpg 370w, https:\/\/podholding.co\/wp-content\/uploads\/2020\/05\/ResearchDevelopment-300x219.jpg 300w\" data-sizes=\"(max-width: 370px) 100vw, 370px\" \/><\/div><div class=\"service_text\"><h3>Recherche et d\u00e9veloppement<\/h3><span class=\"cz_sb_sep_line bar\"><\/span><div class=\"cz_wpe_content\"><\/div><a href=\"https:\/\/podholding.co\/fr\/recherche-et-developpement\/\" title=\"Recherche et d\u00e9veloppement\" class=\"cz_btn\">Plus<\/a><\/div><\/div><\/div><div><\/div>[\/vc_column][\/vc_row][vc_row][vc_column]<div class=\"cz_gap clr \" style=\"height: 20px\"><\/div><div id=\"cz_71278\" class=\"cz_71278 cz_title clr cz_title_pos_inline tac\"><div class=\"cz_title_shape shape_icon cz_shape_1\"><i class=\"fa czico-055-three\"><\/i><\/div><div class=\"cz_title_content\"><div class=\"cz_wpe_content\"><h3 style=\"text-align: center;\"><span style=\"color: #888888;\">Produit<br \/>\n<\/span><\/h3>\n<\/div><\/div><\/div><div class=\"cz_gap clr \" style=\"height: 50px\"><\/div><div id=\"cz_33443\" class=\"cz_33443\"><ul class=\"cz_grid_filters clr tac\"><li class=\"cz_active_filter\" data-filter=\".cz_grid_item\">Afficher tout<\/li><li data-filter=\".portfolio_cat-petrole\">P\u00e9trole<\/li><li data-filter=\".portfolio_cat-petrochimique\">P\u00e9trochimique<\/li><li data-filter=\".portfolio_cat-chimique\">Chimique<\/li><\/ul><div class=\"cz_grid cz_grid_1 clr cz_grid_c3 cz_grid_1_no_icon cz_grid_1_no_desc cz_grid_1_mid tac cz_grid_1_always_show cz_grid_zin cz_grid_overlay_10px cz_single_line_title cz_meta_all_center\" data-gap=\"10\" data-atts='{\"action\":\"cz_ajax_posts\",\"post_class\":\"cz_grid_item\",\"post__in\":null,\"author__in\":null,\"nonce\":\"4121035cd2\",\"nonce_id\":\"cz_33443\",\"loadmore_end\":\"Not found more posts\",\"layout\":\"cz_grid_c3\",\"hover\":\"cz_grid_1_no_icon cz_grid_1_no_desc\",\"image_size\":\"codevz_600_600\",\"subtitles\":\"%5B%7B%22t%22%3A%22date%22%2C%22r%22%3A%22cz_post_data_r%22%2C%22tc%22%3A%223%22%7D%5D\",\"subtitle_pos\":\"\",\"icon\":\"fa fa-search\",\"el\":\"\",\"title_lenght\":\"\",\"cat_tax\":\"portfolio_cat\",\"cat\":\"151, 152, 153\",\"cat_exclude\":\"\",\"tag_tax\":\"post_tag\",\"tag_id\":\"\",\"tag_exclude\":\"\",\"post_type\":\"page\",\"posts_per_page\":\"20\",\"order\":\"ASC\",\"orderby\":\"date\",\"tilt_data\":null,\"svg_sizes\":[\"600\",\"600\"],\"img_fx\":\"cz_grid_shine\",\"custom_size\":\"\",\"excerpt_rm\":false,\"title_tag\":\"h3\",\"s\":\"\",\"lang\":\"fr\"}'><div class=\"cz_grid_item cz_grid_first\"><\/div><\/div><div class=\"cz_ajax_pagination clr cz_ajax_loadmore tac\"><a href=\"#\">Charger Plus<\/a><\/div><\/div><div class=\"cz_gap clr \" style=\"height: 110px\"><\/div>[\/vc_column][\/vc_row][vc_row][vc_column]<div class=\"cz_eqh cz_content_box_parent_fx  \"><div id=\"cz_92171\" class=\"cz_92171 cz_content_box clr cz_svg_bg\"><div class=\"cz_box_front clr\"><div class=\"cz_box_front_inner clr \"><span><\/span><div>[vc_row_inner css=&#8221;.vc_custom_1590929397662{padding-top: 50px !important;padding-right: 50px !important;padding-bottom: 50px !important;padding-left: 50px !important;background-color: rgba(0,0,0,0.5) !important;*background-color: rgb(0,0,0) !important;border-radius: 5px !important;}&#8221;][vc_column_inner width=&#8221;2\/3&#8243;]<h4 id=\"cz_49033\" data-time=\"2000\" class=\"cz_49033 cz_headline slide\"><span class=\"cz_before_text\">Cliquez pour acc\u00e9der au site principal de<\/span><span class=\"cz_words-wrapper\"><b class=\"is-visible\">Podoil.com<\/b><b class=\"is-hidden\"> Podoil.com<\/b><\/span><\/h4>[\/vc_column_inner][vc_column_inner width=&#8221;1\/3&#8243;]<div class=\"cz_btn_right\"><div class=\"cz_105887_p\"><a id=\"cz_105887\" class=\"cz_105887 cz_btn cz_btn_txt_move_right cz_btn_fill_right cz_btn_icon_after\" href=\"https:\/\/www.podoil.com\/\"><span><strong>Connectez-vous au site<\/strong><i class=\"fa fa-chevron-right\"><\/i><\/span><b class=\"cz_btn_onhover\"><strong>podoil.com<\/strong><i class=\"fa fa-chevron-right\"><\/i><\/b><\/a><\/div><\/div><div class=\"clr\"><\/div>[\/vc_column_inner][\/vc_row_inner]<\/div><\/div><\/div><\/div><\/div>[\/vc_column][\/vc_row][vc_row][vc_column]<div class=\"cz_gap clr \" style=\"height: 150px\"><\/div>[\/vc_column][\/vc_row][vc_row full_width=&#8221;stretch_row_content_no_spaces&#8221;][vc_column]<div class=\"relative\"><div id=\"cz_67322\" class=\"cz_sep2 cz_sep2_64 cz_sep_bottom\"><svg preserveAspectRatio=\"none\" xmlns=\"http:\/\/www.w3.org\/2000\/svg\" width=\"100%\"  viewBox=\"0 0 1600 167\">\n\t\t\t\t\t<path style=\"fill:#2e2a2a\" d=\"M-3,167V37.992c179.806,29.856,459.764,49.4,775.849,50.474-0.023.017-.048,0.032-0.071,0.049a3.194,3.194,0,0,1,.518-0.048h0.3c1.793,0.051,6.348,1,11.71,8.4,3.966,5.471,13.639,22.5,15.031,35.068,1.612-12.431,11.482-33.163,17.536-38.408,0,0,1.74-3.94,10.021-5.01,0.106-.014.2-0.031,0.288-0.05,314.97-1.085,594.02-20.509,773.82-50.2V167H-3Z\"\/><\/svg><\/div><\/div>[\/vc_column][\/vc_row]<\/p>\n","protected":false},"excerpt":{"rendered":"<p>[vc_row full_width=&#8221;stretch_row_content_no_spaces&#8221; disable_element=&#8221;yes&#8221;][vc_column][\/vc_column][\/vc_row][vc_row][vc_column][\/vc_column][\/vc_row][vc_row el_class=&#8221;hidden-xs&#8221;][vc_column css_animation=&#8221;fadeIn&#8221; width=&#8221;2\/3&#8243; offset=&#8221;vc_col-md-6&#8243;][\/vc_column][vc_column css_animation=&#8221;fadeIn&#8221; width=&#8221;1\/3&#8243; offset=&#8221;vc_col-md-6&#8243; el_class=&#8221;zindex&#8221;][\/vc_column][\/vc_row][vc_row &#8230; <\/p>\n","protected":false},"author":1,"featured_media":0,"parent":0,"menu_order":0,"comment_status":"closed","ping_status":"closed","template":"","meta":{"footnotes":""},"class_list":["post-2748","page","type-page","status-publish","hentry"],"_links":{"self":[{"href":"https:\/\/podholding.co\/fr\/wp-json\/wp\/v2\/pages\/2748","targetHints":{"allow":["GET"]}}],"collection":[{"href":"https:\/\/podholding.co\/fr\/wp-json\/wp\/v2\/pages"}],"about":[{"href":"https:\/\/podholding.co\/fr\/wp-json\/wp\/v2\/types\/page"}],"author":[{"embeddable":true,"href":"https:\/\/podholding.co\/fr\/wp-json\/wp\/v2\/users\/1"}],"replies":[{"embeddable":true,"href":"https:\/\/podholding.co\/fr\/wp-json\/wp\/v2\/comments?post=2748"}],"version-history":[{"count":20,"href":"https:\/\/podholding.co\/fr\/wp-json\/wp\/v2\/pages\/2748\/revisions"}],"predecessor-version":[{"id":3204,"href":"https:\/\/podholding.co\/fr\/wp-json\/wp\/v2\/pages\/2748\/revisions\/3204"}],"wp:attachment":[{"href":"https:\/\/podholding.co\/fr\/wp-json\/wp\/v2\/media?parent=2748"}],"curies":[{"name":"wp","href":"https:\/\/api.w.org\/{rel}","templated":true}]}}