{"id":2760,"date":"2020-07-12T05:53:37","date_gmt":"2020-07-12T05:53:37","guid":{"rendered":"https:\/\/podholding.co\/fr\/?page_id=2760"},"modified":"2020-08-09T11:13:32","modified_gmt":"2020-08-09T11:13:32","slug":"pod-ciment","status":"publish","type":"page","link":"http:\/\/podholding.co\/fr\/pod-ciment\/","title":{"rendered":"POD CIMENT"},"content":{"rendered":"<p>[vc_row full_width=&#8221;stretch_row_content_no_spaces&#8221; disable_element=&#8221;yes&#8221;][vc_column]<div class=\"relative\"><div id=\"cz_51266\" class=\"cz_sep2 cz_sep2_22 cz_sep_rotatey_bottom z99 relative\"><svg preserveAspectRatio=\"none\" xmlns=\"http:\/\/www.w3.org\/2000\/svg\" width=\"100%\"  viewBox=\"0 0 1600 244\">\n\t\t\t\t\t\t\t<path style=\"fill:#2e2a2a\" d=\"M-4,0V187l804,57S800,20.974-4,0ZM1604,0V187L800,244S800,20.974,1604,0Z\"\/>\n\t\t\t\t\t\t\t<path style=\"fill:#2e2a2a\" d=\"M-4,30V217l804,27S800,50.974-4,30Zm1608,0V217L800,244S800,50.974,1604,30Z\"\/>\n\t\t\t\t\t\t\t<path style=\"fill:#2e2a2a\" d=\"M-4,60V247H800S800,80.974-4,60Zm1608,0V247H800S800,80.974,1604,60Z\"\/>\n\t\t\t\t\t\t<\/svg><\/div><\/div>[\/vc_column][\/vc_row][vc_row][vc_column]<div class=\"cz_gap clr  hide_on_mobile\" style=\"height: 80px\"><\/div><div class=\"cz_gap show_on_mobile clr\" style=\"height: 60px\"><\/div>[\/vc_column][\/vc_row][vc_row el_class=&#8221;hidden-xs&#8221;][vc_column css_animation=&#8221;fadeIn&#8221; width=&#8221;2\/3&#8243; offset=&#8221;vc_col-md-6&#8243;]<div class=\"cz_eqh cz_content_box_parent_fx  z99\"><div id=\"cz_22046\" class=\"cz_22046 cz_content_box clr\"><div class=\"cz_box_front clr\"><div class=\"cz_box_front_inner clr \"><span><\/span><div><div id=\"cz_63340\" class=\"cz_63340 cz_title clr cz_mobile_text_center cz_title_pos_inline\"><div class=\"cz_title_content\"><div class=\"cz_wpe_content\"><h3>\u00c0 propos de nous<\/h3>\n<h3 style=\"text-align: left;\"><span style=\"color: #1c1c1c;\">\u00a0<\/span><\/h3>\n<\/div><\/div><\/div><div id=\"cz_74093\" class=\"cz_74093 cz_title clr cz_title_pos_inline\"><div class=\"cz_title_content\"><div class=\"cz_wpe_content\"><p><span style=\"color: #000000;\">POD Holding Services contient principalement les activit\u00e9s de POD Ciment, l&#8217;une des plus grandes soci\u00e9t\u00e9s commerciales mondiales de ciment, de m\u00e2chefer et d&#8217;autres mat\u00e9riaux de construction.<\/span><\/p>\n<p><span style=\"color: #000000;\">La principale t\u00e2che de POD Ciment est d&#8217;optimiser l&#8217;utilisation de nos cimenteries en \u00e9quilibrant l&#8217;offre et la demande mondiales de ciment et de m\u00e2chefer. POD Ciment approvisionne \u00e9galement les march\u00e9s mondiaux du ciment, en maintenant les plus hauts standards de qualit\u00e9 et de service en fournissant des solutions logistiques de premi\u00e8re classe.<\/span><\/p>\n<p><span style=\"color: #000000;\">POD Ciment a augment\u00e9 son volume commercial total de 22,2% au cours de l&#8217;ann\u00e9e sous revue pour atteindre un sommet historique de 30,9 millions de tonnes (ann\u00e9e pr\u00e9c\u00e9dente: 25,3), surpassant ainsi le d\u00e9veloppement g\u00e9n\u00e9ral du march\u00e9, qui a connu une croissance plus faible de la demande de ciment en 2018. La majorit\u00e9 des livraisons ont \u00e9t\u00e9 effectu\u00e9es en Afrique et en Asie ainsi qu&#8217;en Europe. Les principaux pays fournisseurs \u00e9taient l&#8217;Italie, la Turquie, le Vietnam et l&#8217;Indon\u00e9sie.<\/span><\/p>\n<p><span style=\"color: #000000;\">POD Ciment pense grand. Le Holding et ses filiales constituent le plus grand producteur de ciment du Moyen-Orient. Il produit une vari\u00e9t\u00e9 de ciments et de m\u00e2chefer (y compris des ciments gris, blancs, sp\u00e9ciaux et \u00e0 prise rapide).<\/span><\/p>\n<\/div><\/div><\/div><\/div><\/div><\/div><\/div><\/div>[\/vc_column][vc_column css_animation=&#8221;fadeIn&#8221; width=&#8221;1\/3&#8243; offset=&#8221;vc_col-md-6&#8243; el_class=&#8221;zindex&#8221;]<div id=\"cz_28739\" class=\"cz_28739 cz_image clr cz_image_no_fx center_on_mobile\"><div class=\"cz_svg_bg\" ><div class=\"cz_image_in\"><div class=\"cz_main_image\"><img decoding=\"async\" width=\"686\" height=\"686\" src=\"data:image\/svg+xml,%3Csvg%20xmlns%3D&#39;http%3A%2F%2Fwww.w3.org%2F2000%2Fsvg&#39;%20width=&#39;686&#39;%20height=&#39;686&#39;%20viewBox%3D&#39;0%200%20686%20686&#39;%2F%3E\" data-czlz data-src=\"http:\/\/podholding.co\/wp-content\/uploads\/2020\/03\/bbb.jpg\" class=\"attachment-full\" alt=\"\" data-srcset=\"http:\/\/podholding.co\/wp-content\/uploads\/2020\/03\/bbb.jpg 686w, http:\/\/podholding.co\/wp-content\/uploads\/2020\/03\/bbb-150x150.jpg 150w, http:\/\/podholding.co\/wp-content\/uploads\/2020\/03\/bbb-300x300.jpg 300w, http:\/\/podholding.co\/wp-content\/uploads\/2020\/03\/bbb-600x600.jpg 600w\" data-sizes=\"(max-width: 686px) 100vw, 686px\" \/><\/div><\/div><\/div><\/div>[\/vc_column][\/vc_row][vc_row el_class=&#8221;hidden-md&#8221;][vc_column css_animation=&#8221;fadeIn&#8221; width=&#8221;2\/3&#8243; offset=&#8221;vc_col-md-6&#8243;]<div class=\"cz_eqh cz_content_box_parent_fx  z99\"><div id=\"cz_22046\" class=\"cz_22046 cz_content_box clr\"><div class=\"cz_box_front clr\"><div class=\"cz_box_front_inner clr \"><span><\/span><div><div id=\"cz_63340\" class=\"cz_63340 cz_title clr cz_mobile_text_center cz_title_pos_inline\"><div class=\"cz_title_content\"><div class=\"cz_wpe_content\"><h3>\u00c0 propos de nous<\/h3>\n<h3 style=\"text-align: left;\"><span style=\"color: #1c1c1c;\">\u00a0<\/span><\/h3>\n<\/div><\/div><\/div><div id=\"cz_53293\" class=\"cz_53293 cz_title clr cz_title_pos_inline\"><div class=\"cz_title_content\"><div class=\"cz_wpe_content\"><p><span style=\"color: #000000;\">POD Holding Services contient principalement les activit\u00e9s de POD Ciment, l&#8217;une des plus grandes soci\u00e9t\u00e9s commerciales mondiales de ciment, de m\u00e2chefer et d&#8217;autres mat\u00e9riaux de construction.<\/span><\/p>\n<\/div><\/div><\/div><div id=\"cz_14291\" class=\"cz_14291 cz_sml\"><div class=\"cz_sml_inner\"><div class=\"cz_wpe_content\">[vc_column_text]<span style=\"color: #000000;\">La principale t\u00e2che de POD Ciment est d&#8217;optimiser l&#8217;utilisation de nos cimenteries en \u00e9quilibrant l&#8217;offre et la demande mondiales de ciment et de m\u00e2chefer. POD Ciment approvisionne \u00e9galement les march\u00e9s mondiaux du ciment, en maintenant les plus hauts standards de qualit\u00e9 et de service en fournissant des solutions logistiques de premi\u00e8re classe.<\/span><\/p>\n<p><span style=\"color: #000000;\">POD Ciment a augment\u00e9 son volume commercial total de 22,2% au cours de l&#8217;ann\u00e9e sous revue pour atteindre un sommet historique de 30,9 millions de tonnes (ann\u00e9e pr\u00e9c\u00e9dente: 25,3), surpassant ainsi le d\u00e9veloppement g\u00e9n\u00e9ral du march\u00e9, qui a connu une croissance plus faible de la demande de ciment en 2018. La majorit\u00e9 des livraisons ont \u00e9t\u00e9 effectu\u00e9es en Afrique et en Asie ainsi qu&#8217;en Europe. Les principaux pays fournisseurs \u00e9taient l&#8217;Italie, la Turquie, le Vietnam et l&#8217;Indon\u00e9sie.<\/span><\/p>\n<p><span style=\"color: #000000;\">POD Ciment pense grand. Le Holding et ses filiales constituent le plus grand producteur de ciment du Moyen-Orient. Il produit une vari\u00e9t\u00e9 de ciments et de m\u00e2chefer (y compris des ciments gris, blancs, sp\u00e9ciaux et \u00e0 prise rapide).<\/span>[\/vc_column_text]<div id=\"cz_28739\" class=\"cz_28739 cz_image clr cz_image_no_fx center_on_mobile\"><div class=\"cz_svg_bg\" ><div class=\"cz_image_in\"><div class=\"cz_main_image\"><img decoding=\"async\" width=\"686\" height=\"686\" src=\"data:image\/svg+xml,%3Csvg%20xmlns%3D&#39;http%3A%2F%2Fwww.w3.org%2F2000%2Fsvg&#39;%20width=&#39;686&#39;%20height=&#39;686&#39;%20viewBox%3D&#39;0%200%20686%20686&#39;%2F%3E\" data-czlz data-src=\"http:\/\/podholding.co\/wp-content\/uploads\/2020\/03\/bbb.jpg\" class=\"attachment-full\" alt=\"\" data-srcset=\"http:\/\/podholding.co\/wp-content\/uploads\/2020\/03\/bbb.jpg 686w, http:\/\/podholding.co\/wp-content\/uploads\/2020\/03\/bbb-150x150.jpg 150w, http:\/\/podholding.co\/wp-content\/uploads\/2020\/03\/bbb-300x300.jpg 300w, http:\/\/podholding.co\/wp-content\/uploads\/2020\/03\/bbb-600x600.jpg 600w\" data-sizes=\"(max-width: 686px) 100vw, 686px\" \/><\/div><\/div><\/div><\/div><\/div><div class=\"cz_sml_overlay\"><\/div><\/div><a id=\"cz_show_more_less_btn\" href=\"#more_less\"><span>Montre plus<i class=\"fa fa-angle-down ml8\"><\/i><\/span><span>Montrer moins<i class=\"fa fa-angle-up ml8\"><\/i><\/span><\/a><\/div><\/div><\/div><\/div><\/div><\/div>[\/vc_column][vc_column css_animation=&#8221;fadeIn&#8221; width=&#8221;1\/3&#8243; offset=&#8221;vc_col-md-6&#8243; el_class=&#8221;zindex&#8221;][\/vc_column][\/vc_row][vc_row][vc_column]<div class=\"cz_gap clr \" style=\"height: 90px\"><\/div><div id=\"cz_106601\" class=\"cz_106601 cz_title clr cz_title_pos_inline tac\"><div class=\"cz_title_shape shape_icon cz_shape_1\"><i class=\"fa czico-055-three\"><\/i><\/div><div class=\"cz_title_content\"><div class=\"cz_wpe_content\"><h3 style=\"text-align: center;\"><span style=\"color: #888888;\">Services<br \/>\n<\/span><\/h3>\n<\/div><\/div><\/div>[\/vc_column][\/vc_row][vc_row][vc_column]<div id=\"cz_75489\" class=\"cz_75489 slick arrows_mlr dots_bc dots_show_on_hover arrows_show_on_hover overflow_visible\" data-slick='{\"selector\":\"\",\"slidesToShow\":3,\"slidesToScroll\":1,\"rows\":1,\"fade\":false,\"vertical\":false,\"verticalSwiping\":false,\"infinite\":true,\"speed\":1000,\"swipeToSlide\":true,\"centerMode\":false,\"centerPadding\":\"\",\"variableWidth\":false,\"autoplay\":false,\"autoplaySpeed\":4000,\"dots\":true,\"adaptiveHeight\":false,\"prevArrow\":\"<button type=\\\"button\\\" class=\\\"slick-prev\\\" aria-label=\\\"Previous\\\"><i class=\\\"fa fa-long-arrow-left\\\"><\\\/i><\\\/button>\",\"nextArrow\":\"<button type=\\\"button\\\" class=\\\"slick-next\\\" aria-label=\\\"Next\\\"><i class=\\\"fa fa-long-arrow-right\\\"><\\\/i><\\\/button>\",\"responsive\":[{\"breakpoint\":769,\"settings\":{\"slidesToShow\":2,\"slidesToScroll\":1,\"touchMove\":true}},{\"breakpoint\":481,\"settings\":{\"slidesToShow\":1,\"slidesToScroll\":1,\"touchMove\":true}}]}'><div id=\"cz_15115\" class=\"cz_15115 services clr style11 cz_sbi_fx_0 services_b\"><div class=\"service_img\"><img decoding=\"async\" width=\"370\" height=\"270\" src=\"data:image\/svg+xml,%3Csvg%20xmlns%3D&#39;http%3A%2F%2Fwww.w3.org%2F2000%2Fsvg&#39;%20width=&#39;370&#39;%20height=&#39;270&#39;%20viewBox%3D&#39;0%200%20370%20270&#39;%2F%3E\" data-czlz data-src=\"http:\/\/podholding.co\/wp-content\/uploads\/2020\/04\/boat2.jpg\" class=\"service-icon attachment-full\" alt=\"\" data-srcset=\"http:\/\/podholding.co\/wp-content\/uploads\/2020\/04\/boat2.jpg 370w, http:\/\/podholding.co\/wp-content\/uploads\/2020\/04\/boat2-300x219.jpg 300w\" data-sizes=\"(max-width: 370px) 100vw, 370px\" \/><\/div><div class=\"service_text\"><h3>Courtage et Logistique des Navires<\/h3><span class=\"cz_sb_sep_line bar\"><\/span><div class=\"cz_wpe_content\"><\/div><a href=\"https:\/\/podholding.co\/fr\/courtage-et-logistique-des-navires\/\" title=\"Courtage et Logistique des Navires\" class=\"cz_btn\">Plus<\/a><\/div><\/div><div id=\"cz_33507\" class=\"cz_33507 services clr style11 cz_sbi_fx_0 services_b\"><div class=\"service_img\"><img decoding=\"async\" width=\"370\" height=\"270\" src=\"data:image\/svg+xml,%3Csvg%20xmlns%3D&#39;http%3A%2F%2Fwww.w3.org%2F2000%2Fsvg&#39;%20width=&#39;370&#39;%20height=&#39;270&#39;%20viewBox%3D&#39;0%200%20370%20270&#39;%2F%3E\" data-czlz data-src=\"http:\/\/podholding.co\/wp-content\/uploads\/2020\/04\/service2.jpg\" class=\"service-icon attachment-full\" alt=\"\" data-srcset=\"http:\/\/podholding.co\/wp-content\/uploads\/2020\/04\/service2.jpg 370w, http:\/\/podholding.co\/wp-content\/uploads\/2020\/04\/service2-300x219.jpg 300w\" data-sizes=\"(max-width: 370px) 100vw, 370px\" \/><\/div><div class=\"service_text\"><h3>Ciment \u00c9cologique<\/h3><span class=\"cz_sb_sep_line bar\"><\/span><div class=\"cz_wpe_content\"><\/div><a href=\"https:\/\/podholding.co\/fr\/ciment-ecologique\/\" title=\"Ciment \u00c9cologique\" class=\"cz_btn\">Plus<\/a><\/div><\/div><div id=\"cz_106271\" class=\"cz_106271 services clr style11 cz_sbi_fx_0 services_b\"><div class=\"service_img\"><img decoding=\"async\" width=\"370\" height=\"270\" src=\"data:image\/svg+xml,%3Csvg%20xmlns%3D&#39;http%3A%2F%2Fwww.w3.org%2F2000%2Fsvg&#39;%20width=&#39;370&#39;%20height=&#39;270&#39;%20viewBox%3D&#39;0%200%20370%20270&#39;%2F%3E\" data-czlz data-src=\"http:\/\/podholding.co\/wp-content\/uploads\/2020\/05\/ResearchDevelopment.jpg\" class=\"service-icon attachment-full\" alt=\"\" data-srcset=\"http:\/\/podholding.co\/wp-content\/uploads\/2020\/05\/ResearchDevelopment.jpg 370w, http:\/\/podholding.co\/wp-content\/uploads\/2020\/05\/ResearchDevelopment-300x219.jpg 300w\" data-sizes=\"(max-width: 370px) 100vw, 370px\" \/><\/div><div class=\"service_text\"><h3>Recherche et d\u00e9veloppement<\/h3><span class=\"cz_sb_sep_line bar\"><\/span><div class=\"cz_wpe_content\"><\/div><a href=\"https:\/\/podholding.co\/fr\/recherche-et-developpement\/\" title=\"Recherche et d\u00e9veloppement\" class=\"cz_btn\">Plus<\/a><\/div><\/div><\/div><div><\/div>[\/vc_column][\/vc_row][vc_row][vc_column]<div class=\"cz_gap clr \" style=\"height: 20px\"><\/div><div id=\"cz_94021\" class=\"cz_94021 cz_title clr cz_title_pos_inline tac\"><div class=\"cz_title_shape shape_icon cz_shape_1\"><i class=\"fa czico-055-three\"><\/i><\/div><div class=\"cz_title_content\"><div class=\"cz_wpe_content\"><h3 style=\"text-align: center;\"><span style=\"color: #888888;\">Produit<\/span><\/h3>\n<\/div><\/div><\/div><div class=\"cz_gap clr \" style=\"height: 50px\"><\/div><div id=\"cz_99933\" class=\"cz_99933\"><ul class=\"cz_grid_filters clr tac\"><li class=\"cz_active_filter\" data-filter=\".cz_grid_item\">Afficher tout<\/li><li data-filter=\".portfolio_cat-ciment-portland-type-1\">Ciment Portland Type 1<\/li><li data-filter=\".portfolio_cat-ciment-portland-type-2\">Ciment Portland Type 2<\/li><li data-filter=\".portfolio_cat-ciment-portland-type-5\">Ciment Portland Type 5<\/li><li data-filter=\".portfolio_cat-ciment-portland-pozzolana\">Ciment Portland Pozzolana<\/li><li data-filter=\".portfolio_cat-machefer\">M\u00e2chefer<\/li><\/ul><div class=\"cz_grid cz_grid_1 clr cz_grid_c3 cz_grid_1_no_icon cz_grid_1_no_desc cz_grid_1_mid tac cz_grid_1_always_show cz_grid_zin cz_grid_overlay_10px cz_single_line_title cz_meta_all_center\" data-gap=\"10\" data-atts='{\"action\":\"cz_ajax_posts\",\"post_class\":\"cz_grid_item\",\"post__in\":null,\"author__in\":null,\"nonce\":\"ee1455e55e\",\"nonce_id\":\"cz_99933\",\"loadmore_end\":\"Not found more posts\",\"layout\":\"cz_grid_c3\",\"hover\":\"cz_grid_1_no_icon cz_grid_1_no_desc\",\"image_size\":\"codevz_600_600\",\"subtitles\":\"%5B%7B%22t%22%3A%22date%22%2C%22r%22%3A%22cz_post_data_r%22%2C%22tc%22%3A%223%22%7D%5D\",\"subtitle_pos\":\"\",\"icon\":\"fa fa-search\",\"el\":\"\",\"title_lenght\":\"\",\"cat_tax\":\"portfolio_cat\",\"cat\":\"168, 169, 170, 171, 172\",\"cat_exclude\":\"\",\"tag_tax\":\"post_tag\",\"tag_id\":\"\",\"tag_exclude\":\"\",\"post_type\":\"page\",\"posts_per_page\":\"20\",\"order\":\"ASC\",\"orderby\":\"date\",\"tilt_data\":null,\"svg_sizes\":[\"600\",\"600\"],\"img_fx\":\"cz_grid_shine\",\"custom_size\":\"\",\"excerpt_rm\":false,\"title_tag\":\"h3\",\"s\":\"\",\"lang\":\"fr\"}'><div class=\"cz_grid_item cz_grid_first\"><\/div><\/div><div class=\"cz_ajax_pagination clr cz_ajax_loadmore tac\"><a href=\"#\">Charger Plus<\/a><\/div><\/div><div class=\"cz_gap clr \" style=\"height: 110px\"><\/div>[\/vc_column][\/vc_row][vc_row full_width=&#8221;stretch_row_content_no_spaces&#8221;][vc_column]<div class=\"relative\"><div id=\"cz_67322\" class=\"cz_sep2 cz_sep2_64 cz_sep_bottom\"><svg preserveAspectRatio=\"none\" xmlns=\"http:\/\/www.w3.org\/2000\/svg\" width=\"100%\"  viewBox=\"0 0 1600 167\">\n\t\t\t\t\t<path style=\"fill:#2e2a2a\" d=\"M-3,167V37.992c179.806,29.856,459.764,49.4,775.849,50.474-0.023.017-.048,0.032-0.071,0.049a3.194,3.194,0,0,1,.518-0.048h0.3c1.793,0.051,6.348,1,11.71,8.4,3.966,5.471,13.639,22.5,15.031,35.068,1.612-12.431,11.482-33.163,17.536-38.408,0,0,1.74-3.94,10.021-5.01,0.106-.014.2-0.031,0.288-0.05,314.97-1.085,594.02-20.509,773.82-50.2V167H-3Z\"\/><\/svg><\/div><\/div>[\/vc_column][\/vc_row]<\/p>\n","protected":false},"excerpt":{"rendered":"<p>[vc_row full_width=&#8221;stretch_row_content_no_spaces&#8221; disable_element=&#8221;yes&#8221;][vc_column][\/vc_column][\/vc_row][vc_row][vc_column][\/vc_column][\/vc_row][vc_row el_class=&#8221;hidden-xs&#8221;][vc_column css_animation=&#8221;fadeIn&#8221; width=&#8221;2\/3&#8243; offset=&#8221;vc_col-md-6&#8243;][\/vc_column][vc_column css_animation=&#8221;fadeIn&#8221; width=&#8221;1\/3&#8243; offset=&#8221;vc_col-md-6&#8243; el_class=&#8221;zindex&#8221;][\/vc_column][\/vc_row][vc_row &#8230; <\/p>\n","protected":false},"author":1,"featured_media":0,"parent":0,"menu_order":0,"comment_status":"closed","ping_status":"closed","template":"","meta":{"footnotes":""},"class_list":["post-2760","page","type-page","status-publish","hentry"],"_links":{"self":[{"href":"http:\/\/podholding.co\/fr\/wp-json\/wp\/v2\/pages\/2760","targetHints":{"allow":["GET"]}}],"collection":[{"href":"http:\/\/podholding.co\/fr\/wp-json\/wp\/v2\/pages"}],"about":[{"href":"http:\/\/podholding.co\/fr\/wp-json\/wp\/v2\/types\/page"}],"author":[{"embeddable":true,"href":"http:\/\/podholding.co\/fr\/wp-json\/wp\/v2\/users\/1"}],"replies":[{"embeddable":true,"href":"http:\/\/podholding.co\/fr\/wp-json\/wp\/v2\/comments?post=2760"}],"version-history":[{"count":9,"href":"http:\/\/podholding.co\/fr\/wp-json\/wp\/v2\/pages\/2760\/revisions"}],"predecessor-version":[{"id":3185,"href":"http:\/\/podholding.co\/fr\/wp-json\/wp\/v2\/pages\/2760\/revisions\/3185"}],"wp:attachment":[{"href":"http:\/\/podholding.co\/fr\/wp-json\/wp\/v2\/media?parent=2760"}],"curies":[{"name":"wp","href":"https:\/\/api.w.org\/{rel}","templated":true}]}}