{"id":2751,"date":"2020-07-12T05:47:16","date_gmt":"2020-07-12T05:47:16","guid":{"rendered":"https:\/\/podholding.co\/fr\/?page_id=2751"},"modified":"2020-08-09T11:15:07","modified_gmt":"2020-08-09T11:15:07","slug":"pod-acier","status":"publish","type":"page","link":"http:\/\/podholding.co\/fr\/pod-acier\/","title":{"rendered":"POD ACIER"},"content":{"rendered":"<p>[vc_row full_width=&#8221;stretch_row_content_no_spaces&#8221; disable_element=&#8221;yes&#8221;][vc_column]<div class=\"relative\"><div id=\"cz_51266\" class=\"cz_sep2 cz_sep2_22 cz_sep_rotatey_bottom z99 relative\"><svg preserveAspectRatio=\"none\" xmlns=\"http:\/\/www.w3.org\/2000\/svg\" width=\"100%\"  viewBox=\"0 0 1600 244\">\n\t\t\t\t\t\t\t<path style=\"fill:#2e2a2a\" d=\"M-4,0V187l804,57S800,20.974-4,0ZM1604,0V187L800,244S800,20.974,1604,0Z\"\/>\n\t\t\t\t\t\t\t<path style=\"fill:#2e2a2a\" d=\"M-4,30V217l804,27S800,50.974-4,30Zm1608,0V217L800,244S800,50.974,1604,30Z\"\/>\n\t\t\t\t\t\t\t<path style=\"fill:#2e2a2a\" d=\"M-4,60V247H800S800,80.974-4,60Zm1608,0V247H800S800,80.974,1604,60Z\"\/>\n\t\t\t\t\t\t<\/svg><\/div><\/div>[\/vc_column][\/vc_row][vc_row][vc_column]<div class=\"cz_gap clr  hide_on_mobile\" style=\"height: 80px\"><\/div><div class=\"cz_gap show_on_mobile clr\" style=\"height: 60px\"><\/div>[\/vc_column][\/vc_row][vc_row el_class=&#8221;hidden-xs&#8221;][vc_column css_animation=&#8221;fadeIn&#8221; offset=&#8221;vc_col-md-6&#8243;]<div class=\"cz_eqh cz_content_box_parent_fx  z99\"><div id=\"cz_102971\" class=\"cz_102971 cz_content_box clr\"><div class=\"cz_box_front clr\"><div class=\"cz_box_front_inner clr \"><span><\/span><div><div id=\"cz_39475\" class=\"cz_39475 cz_title clr cz_mobile_text_center cz_title_pos_inline\"><div class=\"cz_title_content\"><div class=\"cz_wpe_content\"><h3>\u00c0 propos de nous<\/h3>\n<h3 style=\"text-align: left;\"><span style=\"color: #1c1c1c;\">\u00a0<\/span><\/h3>\n<\/div><\/div><\/div><div id=\"cz_40779\" class=\"cz_40779 cz_title clr cz_title_pos_inline\"><div class=\"cz_title_content\"><div class=\"cz_wpe_content\"><p><span style=\"color: #000000;\">POD Steel\/Acier est un groupe commercial international de l&#8217;acier dont le si\u00e8ge est \u00e0 Oman. Avec plus de 10 ans d&#8217;exp\u00e9rience dans l&#8217;industrie, POD Steel offre \u00e0 ses clients des services d&#8217;experts de qualit\u00e9 tels que l&#8217;approvisionnement, le d\u00e9veloppement de produits, le contr\u00f4le qualit\u00e9, la logistique et le financement en coop\u00e9rant avec divers fournisseurs dans le monde entier. POD Steel actuellement fait du commerce en Europe, au Moyen-Orient, en Extr\u00eame-Orient, en Afrique et en Am\u00e9rique du Sud.<\/span><\/p>\n<p><span style=\"color: #000000;\">Afin d&#8217;avoir une position forte sur le march\u00e9 mondial de l&#8217;acier, notre personnel exp\u00e9riment\u00e9 est pleinement conscient du maintien du m\u00eame niveau de services, de la petite entreprise familiale aux acteurs mondiaux.<\/span><\/p>\n<p><span style=\"color: #000000;\">Notre soci\u00e9t\u00e9 du commerce d&#8217;acier a des partenariats \u00e9troits avec diff\u00e9rents producteurs d&#8217;acier; nous permettant d&#8217;offrir une vari\u00e9t\u00e9 d&#8217;articles avec les meilleures conditions g\u00e9n\u00e9rales. L&#8217;objectif de notre entreprise est d&#8217;\u00eatre \u00abvotre partenaire efficace\u00bb en atteignant la satisfaction totale du client \u00e0 travers les diff\u00e9rentes fonctions d&#8217;approvisionnement.<\/span><\/p>\n<p><span style=\"color: #000000;\">La majorit\u00e9 de notre production comprend le billet 5SP, 3SP, la dalle d&#8217;acier, le lingot, l&#8217;aluminium et la cathode de cuivre.<\/span><\/p>\n<\/div><\/div><\/div><\/div><\/div><\/div><\/div><\/div>[\/vc_column][vc_column css_animation=&#8221;fadeIn&#8221; offset=&#8221;vc_col-md-6&#8243; el_class=&#8221;zindex&#8221;]<div id=\"cz_67189\" class=\"cz_67189 cz_image clr cz_image_no_fx center_on_mobile\"><div class=\"cz_svg_bg\" ><div class=\"cz_image_in\"><div class=\"cz_main_image\"><img decoding=\"async\" width=\"848\" height=\"621\" src=\"data:image\/svg+xml,%3Csvg%20xmlns%3D&#39;http%3A%2F%2Fwww.w3.org%2F2000%2Fsvg&#39;%20width=&#39;848&#39;%20height=&#39;621&#39;%20viewBox%3D&#39;0%200%20848%20621&#39;%2F%3E\" data-czlz data-src=\"http:\/\/podholding.co\/wp-content\/uploads\/2020\/03\/sssss.jpg\" class=\"attachment-full\" alt=\"\" data-srcset=\"http:\/\/podholding.co\/wp-content\/uploads\/2020\/03\/sssss.jpg 848w, http:\/\/podholding.co\/wp-content\/uploads\/2020\/03\/sssss-300x220.jpg 300w, http:\/\/podholding.co\/wp-content\/uploads\/2020\/03\/sssss-768x562.jpg 768w, http:\/\/podholding.co\/wp-content\/uploads\/2020\/03\/sssss-600x439.jpg 600w\" data-sizes=\"(max-width: 848px) 100vw, 848px\" \/><\/div><\/div><\/div><\/div>[\/vc_column][\/vc_row][vc_row el_class=&#8221;hidden-md&#8221;][vc_column css_animation=&#8221;fadeIn&#8221; offset=&#8221;vc_col-md-6&#8243;]<div class=\"cz_eqh cz_content_box_parent_fx  z99\"><div id=\"cz_102971\" class=\"cz_102971 cz_content_box clr\"><div class=\"cz_box_front clr\"><div class=\"cz_box_front_inner clr \"><span><\/span><div><div id=\"cz_39475\" class=\"cz_39475 cz_title clr cz_mobile_text_center cz_title_pos_inline\"><div class=\"cz_title_content\"><div class=\"cz_wpe_content\"><h3>\u00c0 propos de nous<\/h3>\n<h3 style=\"text-align: left;\"><span style=\"color: #1c1c1c;\">\u00a0<\/span><\/h3>\n<\/div><\/div><\/div><div id=\"cz_109092\" class=\"cz_109092 cz_title clr cz_title_pos_inline\"><div class=\"cz_title_content\"><div class=\"cz_wpe_content\"><p><span style=\"color: #000000;\">POD Steel\/Acier est un groupe commercial international de l&#8217;acier dont le si\u00e8ge est \u00e0 Oman. Avec plus de 10 ans d&#8217;exp\u00e9rience dans l&#8217;industrie, POD Steel offre \u00e0 ses clients des services d&#8217;experts de qualit\u00e9 tels que l&#8217;approvisionnement, le d\u00e9veloppement de produits, le contr\u00f4le qualit\u00e9, la logistique et le financement en coop\u00e9rant avec divers fournisseurs dans le monde entier. POD Steel actuellement fait du commerce en Europe, au Moyen-Orient, en Extr\u00eame-Orient, en Afrique et en Am\u00e9rique du Sud.<\/span><\/p>\n<\/div><\/div><\/div><div id=\"cz_91372\" class=\"cz_91372 cz_sml\"><div class=\"cz_sml_inner\"><div class=\"cz_wpe_content\">[vc_column_text]<span style=\"color: #000000;\">Afin d&#8217;avoir une position forte sur le march\u00e9 mondial de l&#8217;acier, notre personnel exp\u00e9riment\u00e9 est pleinement conscient du maintien du m\u00eame niveau de services, de la petite entreprise familiale aux acteurs mondiaux.<\/span><\/p>\n<p><span style=\"color: #000000;\">Notre soci\u00e9t\u00e9 du commerce d&#8217;acier a des partenariats \u00e9troits avec diff\u00e9rents producteurs d&#8217;acier; nous permettant d&#8217;offrir une vari\u00e9t\u00e9 d&#8217;articles avec les meilleures conditions g\u00e9n\u00e9rales. L&#8217;objectif de notre entreprise est d&#8217;\u00eatre \u00abvotre partenaire efficace\u00bb en atteignant la satisfaction totale du client \u00e0 travers les diff\u00e9rentes fonctions d&#8217;approvisionnement.<\/span><\/p>\n<p><span style=\"color: #000000;\">La majorit\u00e9 de notre production comprend le billet 5SP, 3SP, la dalle d&#8217;acier, le lingot, l&#8217;aluminium et la cathode de cuivre.<\/span>[\/vc_column_text]<div id=\"cz_67189\" class=\"cz_67189 cz_image clr cz_image_no_fx center_on_mobile\"><div class=\"cz_svg_bg\" ><div class=\"cz_image_in\"><div class=\"cz_main_image\"><img decoding=\"async\" width=\"848\" height=\"621\" src=\"data:image\/svg+xml,%3Csvg%20xmlns%3D&#39;http%3A%2F%2Fwww.w3.org%2F2000%2Fsvg&#39;%20width=&#39;848&#39;%20height=&#39;621&#39;%20viewBox%3D&#39;0%200%20848%20621&#39;%2F%3E\" data-czlz data-src=\"http:\/\/podholding.co\/wp-content\/uploads\/2020\/03\/sssss.jpg\" class=\"attachment-full\" alt=\"\" data-srcset=\"http:\/\/podholding.co\/wp-content\/uploads\/2020\/03\/sssss.jpg 848w, http:\/\/podholding.co\/wp-content\/uploads\/2020\/03\/sssss-300x220.jpg 300w, http:\/\/podholding.co\/wp-content\/uploads\/2020\/03\/sssss-768x562.jpg 768w, http:\/\/podholding.co\/wp-content\/uploads\/2020\/03\/sssss-600x439.jpg 600w\" data-sizes=\"(max-width: 848px) 100vw, 848px\" \/><\/div><\/div><\/div><\/div><\/div><div class=\"cz_sml_overlay\"><\/div><\/div><a id=\"cz_show_more_less_btn\" href=\"#more_less\"><span>Montre plus<i class=\"fa fa-angle-down ml8\"><\/i><\/span><span>Montrer moins<i class=\"fa fa-angle-up ml8\"><\/i><\/span><\/a><\/div><\/div><\/div><\/div><\/div><\/div>[\/vc_column][vc_column css_animation=&#8221;fadeIn&#8221; offset=&#8221;vc_col-md-6&#8243; el_class=&#8221;zindex&#8221;][\/vc_column][\/vc_row][vc_row][vc_column]<div class=\"cz_gap clr \" style=\"height: 90px\"><\/div><div id=\"cz_87635\" class=\"cz_87635 cz_title clr cz_title_pos_inline tac\"><div class=\"cz_title_shape shape_icon cz_shape_1\"><i class=\"fa czico-055-three\"><\/i><\/div><div class=\"cz_title_content\"><div class=\"cz_wpe_content\"><h3 style=\"text-align: center;\"><span style=\"color: #888888;\">Services<br \/>\n<\/span><\/h3>\n<\/div><\/div><\/div>[\/vc_column][\/vc_row][vc_row][vc_column]<div id=\"cz_82746\" class=\"cz_82746 slick arrows_mlr dots_bc dots_show_on_hover arrows_show_on_hover overflow_visible\" data-slick='{\"selector\":\"\",\"slidesToShow\":3,\"slidesToScroll\":1,\"rows\":1,\"fade\":false,\"vertical\":false,\"verticalSwiping\":false,\"infinite\":true,\"speed\":1000,\"swipeToSlide\":true,\"centerMode\":false,\"centerPadding\":\"\",\"variableWidth\":false,\"autoplay\":true,\"autoplaySpeed\":4000,\"dots\":true,\"adaptiveHeight\":false,\"prevArrow\":\"<button type=\\\"button\\\" class=\\\"slick-prev\\\" aria-label=\\\"Previous\\\"><i class=\\\"fa fa-long-arrow-left\\\"><\\\/i><\\\/button>\",\"nextArrow\":\"<button type=\\\"button\\\" class=\\\"slick-next\\\" aria-label=\\\"Next\\\"><i class=\\\"fa fa-long-arrow-right\\\"><\\\/i><\\\/button>\",\"responsive\":[{\"breakpoint\":769,\"settings\":{\"slidesToShow\":2,\"slidesToScroll\":1,\"touchMove\":true}},{\"breakpoint\":481,\"settings\":{\"slidesToShow\":1,\"slidesToScroll\":1,\"touchMove\":true}}]}'><div id=\"cz_38782\" class=\"cz_38782 services clr style11 cz_sbi_fx_0 services_b\"><div class=\"service_img\"><img decoding=\"async\" width=\"370\" height=\"270\" src=\"data:image\/svg+xml,%3Csvg%20xmlns%3D&#39;http%3A%2F%2Fwww.w3.org%2F2000%2Fsvg&#39;%20width=&#39;370&#39;%20height=&#39;270&#39;%20viewBox%3D&#39;0%200%20370%20270&#39;%2F%3E\" data-czlz data-src=\"http:\/\/podholding.co\/wp-content\/uploads\/2020\/04\/boat2.jpg\" class=\"service-icon attachment-full\" alt=\"\" data-srcset=\"http:\/\/podholding.co\/wp-content\/uploads\/2020\/04\/boat2.jpg 370w, http:\/\/podholding.co\/wp-content\/uploads\/2020\/04\/boat2-300x219.jpg 300w\" data-sizes=\"(max-width: 370px) 100vw, 370px\" \/><\/div><div class=\"service_text\"><h3>Courtage et Logistique des Navires<\/h3><span class=\"cz_sb_sep_line bar\"><\/span><div class=\"cz_wpe_content\"><\/div><a href=\"https:\/\/podholding.co\/fr\/courtage-et-logistique-des-navires\/\" title=\"Courtage et Logistique des Navires\" class=\"cz_btn\">Plus<\/a><\/div><\/div><div id=\"cz_102960\" class=\"cz_102960 services clr style11 cz_sbi_fx_0 services_b\"><div class=\"service_img\"><img decoding=\"async\" width=\"370\" height=\"270\" src=\"data:image\/svg+xml,%3Csvg%20xmlns%3D&#39;http%3A%2F%2Fwww.w3.org%2F2000%2Fsvg&#39;%20width=&#39;370&#39;%20height=&#39;270&#39;%20viewBox%3D&#39;0%200%20370%20270&#39;%2F%3E\" data-czlz data-src=\"http:\/\/podholding.co\/wp-content\/uploads\/2020\/05\/ResearchDevelopment.jpg\" class=\"service-icon attachment-full\" alt=\"\" data-srcset=\"http:\/\/podholding.co\/wp-content\/uploads\/2020\/05\/ResearchDevelopment.jpg 370w, http:\/\/podholding.co\/wp-content\/uploads\/2020\/05\/ResearchDevelopment-300x219.jpg 300w\" data-sizes=\"(max-width: 370px) 100vw, 370px\" \/><\/div><div class=\"service_text\"><h3>Recherche et d\u00e9veloppement<\/h3><span class=\"cz_sb_sep_line bar\"><\/span><div class=\"cz_wpe_content\"><\/div><a href=\"https:\/\/podholding.co\/fr\/recherche-et-developpement\/\" title=\"Recherche et d\u00e9veloppement\" class=\"cz_btn\">Plus<\/a><\/div><\/div><div id=\"cz_81608\" class=\"cz_81608 services clr style11 cz_sbi_fx_0 services_b\"><div class=\"service_img\"><img decoding=\"async\" width=\"370\" height=\"270\" src=\"data:image\/svg+xml,%3Csvg%20xmlns%3D&#39;http%3A%2F%2Fwww.w3.org%2F2000%2Fsvg&#39;%20width=&#39;370&#39;%20height=&#39;270&#39;%20viewBox%3D&#39;0%200%20370%20270&#39;%2F%3E\" data-czlz data-src=\"http:\/\/podholding.co\/wp-content\/uploads\/2020\/05\/sgs-logo.png\" class=\"service-icon attachment-full\" alt=\"\" data-srcset=\"http:\/\/podholding.co\/wp-content\/uploads\/2020\/05\/sgs-logo.png 370w, http:\/\/podholding.co\/wp-content\/uploads\/2020\/05\/sgs-logo-300x219.png 300w\" data-sizes=\"(max-width: 370px) 100vw, 370px\" \/><\/div><div class=\"service_text\"><h3>Test SGS - Commerce s\u00fbr et fiable<\/h3><span class=\"cz_sb_sep_line bar\"><\/span><div class=\"cz_wpe_content\"><\/div><a href=\"https:\/\/podholding.co\/fr\/test-sgs-commerce-sur-et-fiable\/\" title=\"Test SGS - Commerce s\u00fbr et fiable\" class=\"cz_btn\">More<\/a><\/div><\/div><\/div><div><\/div>[\/vc_column][\/vc_row][vc_row][vc_column]<div id=\"cz_74954\" class=\"cz_74954 cz_title clr cz_title_pos_inline tac\"><div class=\"cz_title_shape shape_icon cz_shape_1\"><i class=\"fa czico-055-three\"><\/i><\/div><div class=\"cz_title_content\"><div class=\"cz_wpe_content\"><h3 style=\"text-align: center;\"><span style=\"color: #888888;\">Produit<\/span><\/h3>\n<\/div><\/div><\/div><div class=\"cz_gap clr \" style=\"height: 20px\"><\/div>[\/vc_column][\/vc_row][vc_row][vc_column]<div id=\"cz_19712\" class=\"cz_19712\"><ul class=\"cz_grid_filters clr tac\"><li class=\"cz_active_filter\" data-filter=\".cz_grid_item\">Afficher tout<\/li><li data-filter=\".portfolio_cat-acier\">Acier<\/li><li data-filter=\".portfolio_cat-aluminium\">ALUMINIUM<\/li><li data-filter=\".portfolio_cat-cuivre\">Cuivre<\/li><\/ul><div class=\"cz_grid cz_grid_1 clr cz_grid_c3 cz_grid_1_no_icon cz_grid_1_no_desc cz_grid_1_mid tac cz_grid_1_always_show cz_grid_zin cz_grid_overlay_10px cz_single_line_title cz_meta_all_center\" data-gap=\"10\" data-atts='{\"action\":\"cz_ajax_posts\",\"post_class\":\"cz_grid_item\",\"post__in\":null,\"author__in\":null,\"nonce\":\"95075dcc0e\",\"nonce_id\":\"cz_19712\",\"loadmore_end\":\"Not Found\",\"layout\":\"cz_grid_c3\",\"hover\":\"cz_grid_1_no_icon cz_grid_1_no_desc\",\"image_size\":\"codevz_600_600\",\"subtitles\":\"%5B%7B%22t%22%3A%22cats%22%7D%5D\",\"subtitle_pos\":\"\",\"icon\":\"fa czico-063-menu-2\",\"el\":\"\",\"title_lenght\":\"\",\"cat_tax\":\"portfolio_cat\",\"cat\":\"160, 161, 162\",\"cat_exclude\":\"\",\"tag_tax\":\"post_tag\",\"tag_id\":\"\",\"tag_exclude\":\"\",\"post_type\":\"page\",\"posts_per_page\":\"50\",\"order\":\"ASC\",\"orderby\":\"date\",\"tilt_data\":null,\"svg_sizes\":[\"600\",\"600\"],\"img_fx\":\"cz_grid_shine\",\"custom_size\":\"\",\"excerpt_rm\":false,\"title_tag\":\"h3\",\"s\":\"\",\"lang\":\"fr\"}'><div class=\"cz_grid_item cz_grid_first\"><\/div><\/div><div class=\"cz_ajax_pagination clr cz_ajax_loadmore tac\"><a href=\"#\">Charger Plus<\/a><\/div><\/div><div class=\"cz_gap clr \" style=\"height: 100px\"><\/div>[\/vc_column][\/vc_row][vc_row full_width=&#8221;stretch_row_content_no_spaces&#8221;][vc_column]<div class=\"relative\"><div id=\"cz_67322\" class=\"cz_sep2 cz_sep2_64 cz_sep_bottom\"><svg preserveAspectRatio=\"none\" xmlns=\"http:\/\/www.w3.org\/2000\/svg\" width=\"100%\"  viewBox=\"0 0 1600 167\">\n\t\t\t\t\t<path style=\"fill:#2e2a2a\" d=\"M-3,167V37.992c179.806,29.856,459.764,49.4,775.849,50.474-0.023.017-.048,0.032-0.071,0.049a3.194,3.194,0,0,1,.518-0.048h0.3c1.793,0.051,6.348,1,11.71,8.4,3.966,5.471,13.639,22.5,15.031,35.068,1.612-12.431,11.482-33.163,17.536-38.408,0,0,1.74-3.94,10.021-5.01,0.106-.014.2-0.031,0.288-0.05,314.97-1.085,594.02-20.509,773.82-50.2V167H-3Z\"\/><\/svg><\/div><\/div>[\/vc_column][\/vc_row]<\/p>\n","protected":false},"excerpt":{"rendered":"<p>[vc_row full_width=&#8221;stretch_row_content_no_spaces&#8221; disable_element=&#8221;yes&#8221;][vc_column][\/vc_column][\/vc_row][vc_row][vc_column][\/vc_column][\/vc_row][vc_row el_class=&#8221;hidden-xs&#8221;][vc_column css_animation=&#8221;fadeIn&#8221; offset=&#8221;vc_col-md-6&#8243;][\/vc_column][vc_column css_animation=&#8221;fadeIn&#8221; offset=&#8221;vc_col-md-6&#8243; el_class=&#8221;zindex&#8221;][\/vc_column][\/vc_row][vc_row el_class=&#8221;hidden-md&#8221;][vc_column css_animation=&#8221;fadeIn&#8221; &#8230; <\/p>\n","protected":false},"author":1,"featured_media":0,"parent":0,"menu_order":0,"comment_status":"closed","ping_status":"closed","template":"","meta":{"footnotes":""},"class_list":["post-2751","page","type-page","status-publish","hentry"],"_links":{"self":[{"href":"http:\/\/podholding.co\/fr\/wp-json\/wp\/v2\/pages\/2751","targetHints":{"allow":["GET"]}}],"collection":[{"href":"http:\/\/podholding.co\/fr\/wp-json\/wp\/v2\/pages"}],"about":[{"href":"http:\/\/podholding.co\/fr\/wp-json\/wp\/v2\/types\/page"}],"author":[{"embeddable":true,"href":"http:\/\/podholding.co\/fr\/wp-json\/wp\/v2\/users\/1"}],"replies":[{"embeddable":true,"href":"http:\/\/podholding.co\/fr\/wp-json\/wp\/v2\/comments?post=2751"}],"version-history":[{"count":13,"href":"http:\/\/podholding.co\/fr\/wp-json\/wp\/v2\/pages\/2751\/revisions"}],"predecessor-version":[{"id":3186,"href":"http:\/\/podholding.co\/fr\/wp-json\/wp\/v2\/pages\/2751\/revisions\/3186"}],"wp:attachment":[{"href":"http:\/\/podholding.co\/fr\/wp-json\/wp\/v2\/media?parent=2751"}],"curies":[{"name":"wp","href":"https:\/\/api.w.org\/{rel}","templated":true}]}}