{"id":2732,"date":"2020-07-12T05:01:53","date_gmt":"2020-07-12T05:01:53","guid":{"rendered":"https:\/\/podholding.co\/fr\/?page_id=2732"},"modified":"2023-06-03T08:59:42","modified_gmt":"2023-06-03T08:59:42","slug":"a-propos","status":"publish","type":"page","link":"http:\/\/podholding.co\/fr\/a-propos\/","title":{"rendered":"\u00c0 Propos"},"content":{"rendered":"<p>[vc_row][vc_column]<div class=\"cz_gap clr \" style=\"height: 30px\"><\/div>[\/vc_column][\/vc_row][vc_row][vc_column]<div class=\"cz_eqh cz_content_box_parent_fx  z99\"><div id=\"cz_64532\" class=\"cz_64532 cz_content_box clr\"><div class=\"cz_box_front clr\"><div class=\"cz_box_front_inner clr \"><span><\/span><div><div id=\"cz_85640\" class=\"cz_85640 cz_title clr cz_mobile_text_center cz_title_pos_inline\"><div class=\"cz_title_shape shape_icon cz_shape_1\"><i class=\"fa czico-055-three\"><\/i><\/div><div class=\"cz_title_content\"><div class=\"cz_wpe_content\"><p style=\"text-align: left;\"><span style=\"color: #b2b2b2;\">Who We Are<\/span><\/p>\n<\/div><\/div><\/div><div class=\"cz_gap clr \" style=\"height: 10px\"><\/div><div id=\"cz_57237\" class=\"cz_57237 cz_title clr cz_title_pos_inline\"><div class=\"cz_title_content\"><div class=\"cz_wpe_content\"><h3>\u00c0 propos de nous<\/h3>\n<\/div><\/div><\/div><div id=\"cz_108980\" class=\"cz_108980 cz_title clr cz_title_pos_inline black-text\"><div class=\"cz_title_content\"><div class=\"cz_wpe_content\"><p>POD Holding Services contient principalement les activit\u00e9s de POD Ciment, l\u2019une des plus grandes soci\u00e9t\u00e9s commerciales mondiales de ciment, de m\u00e2chefer et d\u2019autres mat\u00e9riaux de construction.<\/p>\n<p>La principale t\u00e2che de POD Ciment est d\u2019optimiser l\u2019utilisation de nos cimenteries en \u00e9quilibrant l\u2019offre et la demande mondiales de ciment et de m\u00e2chefer. POD Ciment approvisionne \u00e9galement les march\u00e9s mondiaux du ciment, en maintenant les plus hauts standards de qualit\u00e9 et de service en fournissant des solutions logistiques de premi\u00e8re classe.<\/p>\n<p>POD Ciment a augment\u00e9 son volume commercial total de 22,2% au cours de l\u2019ann\u00e9e sous revue pour atteindre un sommet historique de 30,9 millions de tonnes (ann\u00e9e pr\u00e9c\u00e9dente: 25,3), surpassant ainsi le d\u00e9veloppement g\u00e9n\u00e9ral du march\u00e9, qui a connu une croissance plus faible de la demande de ciment en 2018. POD Ciment a fourni des clients dans 85 pays de 46 pays fournisseurs. La majorit\u00e9 des livraisons ont \u00e9t\u00e9 effectu\u00e9es en Afrique et en Asie ainsi qu\u2019en Europe. Les principaux pays fournisseurs \u00e9taient l\u2019Italie, la Turquie, le Vietnam et l\u2019Indon\u00e9sie.<\/p>\n<p>POD Ciment pense grand. Le Holding et ses filiales constituent le plus grand producteur de ciment du Moyen-Orient. Il produit une vari\u00e9t\u00e9 de ciments et de m\u00e2chefer (y compris des ciments gris, blancs, sp\u00e9ciaux et \u00e0 prise rapide).<\/p>\n<\/div><\/div><\/div><div class=\"cz_gap clr \" style=\"height: 30px\"><\/div><div id=\"cz_84839\" class=\"cz_84839 cz_image clr cz_image_no_fx center_on_mobile\"><div class=\"cz_svg_bg\" ><div class=\"cz_image_in\"><div class=\"cz_main_image\"><img decoding=\"async\" width=\"769\" height=\"445\" src=\"data:image\/svg+xml,%3Csvg%20xmlns%3D&#39;http%3A%2F%2Fwww.w3.org%2F2000%2Fsvg&#39;%20width=&#39;769&#39;%20height=&#39;445&#39;%20viewBox%3D&#39;0%200%20769%20445&#39;%2F%3E\" data-czlz data-src=\"http:\/\/podholding.co\/wp-content\/uploads\/2020\/04\/Indias-Capillary-Technologies-Signs-Strategic-Joint-Venture-with-Veda-Holding.jpg\" class=\"attachment-large\" alt=\"\" data-srcset=\"http:\/\/podholding.co\/wp-content\/uploads\/2020\/04\/Indias-Capillary-Technologies-Signs-Strategic-Joint-Venture-with-Veda-Holding.jpg 769w, http:\/\/podholding.co\/wp-content\/uploads\/2020\/04\/Indias-Capillary-Technologies-Signs-Strategic-Joint-Venture-with-Veda-Holding-300x174.jpg 300w, http:\/\/podholding.co\/wp-content\/uploads\/2020\/04\/Indias-Capillary-Technologies-Signs-Strategic-Joint-Venture-with-Veda-Holding-768x444.jpg 768w, http:\/\/podholding.co\/wp-content\/uploads\/2020\/04\/Indias-Capillary-Technologies-Signs-Strategic-Joint-Venture-with-Veda-Holding-600x347.jpg 600w\" data-sizes=\"(max-width: 769px) 100vw, 769px\" \/><\/div><\/div><\/div><\/div><\/div><\/div><\/div><\/div><\/div>[\/vc_column][\/vc_row]<\/p>\n","protected":false},"excerpt":{"rendered":"<p>[vc_row][vc_column][\/vc_column][\/vc_row][vc_row][vc_column][\/vc_column][\/vc_row] &#8230; <\/p>\n","protected":false},"author":1,"featured_media":0,"parent":0,"menu_order":0,"comment_status":"closed","ping_status":"closed","template":"","meta":{"footnotes":""},"class_list":["post-2732","page","type-page","status-publish","hentry"],"_links":{"self":[{"href":"http:\/\/podholding.co\/fr\/wp-json\/wp\/v2\/pages\/2732","targetHints":{"allow":["GET"]}}],"collection":[{"href":"http:\/\/podholding.co\/fr\/wp-json\/wp\/v2\/pages"}],"about":[{"href":"http:\/\/podholding.co\/fr\/wp-json\/wp\/v2\/types\/page"}],"author":[{"embeddable":true,"href":"http:\/\/podholding.co\/fr\/wp-json\/wp\/v2\/users\/1"}],"replies":[{"embeddable":true,"href":"http:\/\/podholding.co\/fr\/wp-json\/wp\/v2\/comments?post=2732"}],"version-history":[{"count":9,"href":"http:\/\/podholding.co\/fr\/wp-json\/wp\/v2\/pages\/2732\/revisions"}],"predecessor-version":[{"id":3676,"href":"http:\/\/podholding.co\/fr\/wp-json\/wp\/v2\/pages\/2732\/revisions\/3676"}],"wp:attachment":[{"href":"http:\/\/podholding.co\/fr\/wp-json\/wp\/v2\/media?parent=2732"}],"curies":[{"name":"wp","href":"https:\/\/api.w.org\/{rel}","templated":true}]}}